{"id":1300,"date":"2013-05-27T12:26:01","date_gmt":"2013-05-27T12:26:01","guid":{"rendered":"http:\/\/www.triennale-der-moderne.de\/2013\/?page_id=1300"},"modified":"2013-05-27T12:26:01","modified_gmt":"2013-05-27T12:26:01","slug":"judische-architekten-busrundfahrt-1-10","status":"publish","type":"page","link":"\/2013\/berlin\/veranstaltungsorte\/judische-architekten-busrundfahrt-1-10\/","title":{"rendered":"J\u00fcdische Architekten &#8211; Busrundfahrt am 1.10."},"content":{"rendered":"<p>\nDie Tour f\u00fchrt zu Bauten der Gro\u00dfstadt v.a. in der<br \/>\nMitte Berlins, wo &#8211; beg\u00fcnstigt durch die sozialpolitischen Ziele<br \/>\nder Weimarer Republik &#8211; zahlreiche neue Sozialbauten f\u00fcr die AOK<br \/>\nund B\u00fcrogeb\u00e4ude f\u00fcr Gewerkschaften (IG-Metall-Haus von Erich<br \/>\nMendelsohn), aber auch Schulbauten wie die J\u00fcdische M\u00e4dchenschule<br \/>\nvon Alexander Beer in der Auguststr.. entstanden. Dazu geh\u00f6rten<br \/>\naber auch Kaufh\u00e4user wie das Kaufhaus Jonass an der Torstr. oder<br \/>\nTheaterbauten des renommierten Theaterarchitekten Oskar Kaufmann<br \/>\nwie die Volksb\u00fchne am Rosa-Luxemburg-Platz. Weitere typische<br \/>\nGesch\u00e4ftsh\u00e4user wurden von Fritz Crzellitzer in der Wallstr. oder<br \/>\nvon Walter Growald\/Wilhelm Caspari am Hausvogteiplatz errichtet.<br \/>\nDie Tour f\u00fchrt \u00fcber den Roxy-Palast, ein Gesch\u00e4ftshaus mit<br \/>\nGro\u00dfkino des Architekten Martin Punitzer zum Haus der<br \/>\nKant-Garagen, dem ersten von Hermann Zweigenthal mitentworfenen<br \/>\nParkhaus Berlins.<\/p>\n<p>\n<b>ACHTUNG Programm\u00e4nderung \u2013 Termin verschoben auf den 8.10.2013<\/b><br \/>\nNeuer Termin: 8.10.13 um 15 Uhr<br \/>\nAbfahrtspunkt: Torstr. 1 \/Ecke Prenzlauer Allee <br \/>\n(ehemals Kaufhaus Jonass, heute Soho Club) N\u00e4he U Bhf Rosa-Luxemburg-Platz<br \/>\nR\u00fcckkehrpunkt: Kantstr 126\/127  (Kant-Garagen) N\u00e4he U Bhf. Wilmersdorfer Str.<br \/>\nDauer: 2.5 Stunden<br \/>\nAnmeldung unter <a href=\"http:\/\/www.juedische-architekten.de\" target=\"_blank\">www.juedische-architekten.de<\/a>.<\/p>\n","protected":false},"excerpt":{"rendered":"<p>Die Tour f\u00fchrt zu Bauten der Gro\u00dfstadt v.a. in der Mitte Berlins, wo &#8211; beg\u00fcnstigt durch die sozialpolitischen Ziele der Weimarer Republik &#8211; zahlreiche neue Sozialbauten f\u00fcr die AOK und B\u00fcrogeb\u00e4ude f\u00fcr Gewerkschaften (IG-Metall-Haus von Erich Mendelsohn), aber auch Schulbauten wie die J\u00fcdische M\u00e4dchenschule von Alexander Beer in der Auguststr.. entstanden. Dazu geh\u00f6rten aber auch [&hellip;]<\/p>\n","protected":false},"author":1,"featured_media":0,"parent":28,"menu_order":37,"comment_status":"open","ping_status":"open","template":"_template_60_40.php","meta":{"_acf_changed":false,"footnotes":""},"class_list":["post-1300","page","type-page","status-publish","hentry"],"acf":[],"_links":{"self":[{"href":"https:\/\/www.triennale-der-moderne.de\/2013\/wp-json\/wp\/v2\/pages\/1300"}],"collection":[{"href":"https:\/\/www.triennale-der-moderne.de\/2013\/wp-json\/wp\/v2\/pages"}],"about":[{"href":"https:\/\/www.triennale-der-moderne.de\/2013\/wp-json\/wp\/v2\/types\/page"}],"author":[{"embeddable":true,"href":"https:\/\/www.triennale-der-moderne.de\/2013\/wp-json\/wp\/v2\/users\/1"}],"replies":[{"embeddable":true,"href":"https:\/\/www.triennale-der-moderne.de\/2013\/wp-json\/wp\/v2\/comments?post=1300"}],"version-history":[{"count":0,"href":"https:\/\/www.triennale-der-moderne.de\/2013\/wp-json\/wp\/v2\/pages\/1300\/revisions"}],"up":[{"embeddable":true,"href":"https:\/\/www.triennale-der-moderne.de\/2013\/wp-json\/wp\/v2\/pages\/28"}],"wp:attachment":[{"href":"https:\/\/www.triennale-der-moderne.de\/2013\/wp-json\/wp\/v2\/media?parent=1300"}],"curies":[{"name":"wp","href":"https:\/\/api.w.org\/{rel}","templated":true}]}}