{"id":1787,"date":"2013-09-23T19:11:53","date_gmt":"2013-09-23T19:11:53","guid":{"rendered":"http:\/\/www.triennale-der-moderne.de\/2013\/?page_id=1787"},"modified":"2013-09-23T19:11:53","modified_gmt":"2013-09-23T19:11:53","slug":"leopold-fischer-siedlung","status":"publish","type":"page","link":"\/2013\/dessau\/veranstaltungsorte\/leopold-fischer-siedlung\/","title":{"rendered":"F\u00fchrung &#8222;Leopold Fischer Siedlung&#8220;"},"content":{"rendered":"<p>\nOrt:\tTreffpunkt Christuskirche Ziebigk, Kirchstra\u00dfe 2<br \/>\t<br \/>\nReferent\/ Akteur:\tFrank Wolter<br \/>\nKontakt:\tFrau Irrgang, Tel.: +49-340-6508-333, irrgang@bauhaus-dessau.de<\/p>\n<p>Parallel zur Siedlung Dessau-T\u00f6rten entstand nach den Pl\u00e4nen des Architekten Leopold Fischer und des Gartengestalters Leberecht Migge zwischen 1926 und 1928 im Norden Dessaus die Gartensiedlung Dessau-Ziebigk des Anhaltischen<br \/>\nSiedlerverbandes.<br \/>\nDie \u201eKnarrberg-Siedlung\u201c, wie sie nach der zentralen Stra\u00dfe bald genannt wurde, steht exemplarisch f\u00fcr die hohe Qualit\u00e4t des Siedlungsbaus in Dessau, die unabh\u00e4ngig vom Bauhaus durch Protagonisten wie dem Sozialdemokraten Heinrich Peus leidenschaftlich vorangetrieben worden war.<br \/>\nGemeinsam mit dem Gartenarchitekten Leberecht Migge entwarf Fischer f\u00fcr die Ziebigker H\u00e4user ein r\u00e4umliches und funktionales Konzept der weitgehenden Selbstversorgung. Der Garten als \u201eproduktive Werkst\u00e4tte des Siedlers\u201c war bei der \u00dcbergabe des Hauses bereits fertig bepflanzt und bildete mit dem Wohnhaus eine funktionale und gestalterische Gesamtheit.<\/p>\n<p>Besonderheiten:\t6 \u20ac<br \/>\nAnmeldung unter Tel.: 0340 6508 250\n<\/p>\n<p><\/p>\n","protected":false},"excerpt":{"rendered":"<p>Ort: Treffpunkt Christuskirche Ziebigk, Kirchstra\u00dfe 2 Referent\/ Akteur: Frank Wolter Kontakt: Frau Irrgang, Tel.: +49-340-6508-333, irrgang@bauhaus-dessau.de Parallel zur Siedlung Dessau-T\u00f6rten entstand nach den Pl\u00e4nen des Architekten Leopold Fischer und des Gartengestalters Leberecht Migge zwischen 1926 und 1928 im Norden Dessaus die Gartensiedlung Dessau-Ziebigk des Anhaltischen Siedlerverbandes. Die \u201eKnarrberg-Siedlung\u201c, wie sie nach der zentralen Stra\u00dfe bald [&hellip;]<\/p>\n","protected":false},"author":1,"featured_media":0,"parent":38,"menu_order":15,"comment_status":"open","ping_status":"open","template":"_template_60_40.php","meta":{"_acf_changed":false,"footnotes":""},"class_list":["post-1787","page","type-page","status-publish","hentry"],"acf":[],"_links":{"self":[{"href":"https:\/\/www.triennale-der-moderne.de\/2013\/wp-json\/wp\/v2\/pages\/1787"}],"collection":[{"href":"https:\/\/www.triennale-der-moderne.de\/2013\/wp-json\/wp\/v2\/pages"}],"about":[{"href":"https:\/\/www.triennale-der-moderne.de\/2013\/wp-json\/wp\/v2\/types\/page"}],"author":[{"embeddable":true,"href":"https:\/\/www.triennale-der-moderne.de\/2013\/wp-json\/wp\/v2\/users\/1"}],"replies":[{"embeddable":true,"href":"https:\/\/www.triennale-der-moderne.de\/2013\/wp-json\/wp\/v2\/comments?post=1787"}],"version-history":[{"count":0,"href":"https:\/\/www.triennale-der-moderne.de\/2013\/wp-json\/wp\/v2\/pages\/1787\/revisions"}],"up":[{"embeddable":true,"href":"https:\/\/www.triennale-der-moderne.de\/2013\/wp-json\/wp\/v2\/pages\/38"}],"wp:attachment":[{"href":"https:\/\/www.triennale-der-moderne.de\/2013\/wp-json\/wp\/v2\/media?parent=1787"}],"curies":[{"name":"wp","href":"https:\/\/api.w.org\/{rel}","templated":true}]}}