{"id":20,"date":"2013-05-04T10:06:47","date_gmt":"2013-05-04T10:06:47","guid":{"rendered":"http:\/\/www.triennale-der-moderne.de\/2013\/\/?page_id=20"},"modified":"2016-01-16T08:29:32","modified_gmt":"2016-01-16T07:29:32","slug":"schwerpunkt-kontakt","status":"publish","type":"page","link":"\/2013\/berlin\/schwerpunkt-kontakt\/","title":{"rendered":"Schwerpunkt &amp; Kontakt (Berlin)"},"content":{"rendered":"<p>2013 j\u00e4hrt sich die nationalsozialistische Machtergreifung in Deutschland zum 80. Mal und ist Anlass f\u00fcr das Erinnerungsjahr <a href=\"http:\/\/www.visitberlin.de\/de\/artikel\/themenjahr-zerstoerte-vielfalt\" target=\"_blank\">\u201eZerst\u00f6rte Vielfalt\u201c<\/a>. 1933 war auch f\u00fcr die Kunst- und Architekturmoderne ein Schicksalsjahr. Es war das Jahr, in dem das Bauhaus nach seinem letzten Umzug von Dessau nach Berlin 1932 endg\u00fcltig geschlossen wurde. Berlin als politisches Zentrum Deutschlands wurde zum Hauptschauplatz scharfer kultureller Auseinandersetzungen. Viele intellektuelle Vordenker und Vertreter der Moderne aus Deutschland waren durch den politischen Stimmungswechsel unmittelbar betroffen und entschlossen sich 1933 zur Emigration, unter ihnen Walter Gropius, Mies van der Rohe, Erich Mendelsohn, &lt;!span class=&#8220;taut trigger&#8220;&gt;Bruno Taut und viele mehr.<\/p>\n<p>Berlin verf\u00fcgt \u00fcber zahlreiche Bauten der Moderne, darunter sechs Wohnsiedlungen, die zum UNESCO-Welterbe z\u00e4hlen. Deshalb richtet Berlin als \u201eMetropole der Moderne\u201c das Auftaktjahr der \u201eTriennale der Moderne\u201c 2013 mit besonders vielen Veranstaltungen aus.<\/p>\n<p>&nbsp;<\/p>\n<h1>Ansprechpartner<\/h1>\n<h2>Programm und Organisation<\/h2>\n<p>F\u00fcr Anfragen zur Organisation und Durchf\u00fchrung des Programms oder &#8211; sofern nicht bei den einzelnen Projekten anders angegeben auch f\u00fcr die Anmeldung zu den einzelnen Berliner Veranstaltungen &#8211; wenden Sie sich bitte an:<\/p>\n<p><strong>Gust &amp; Gr\u00fcnhagen<br \/>\n<\/strong>Frau Kerstin Gust, Emser Stra\u00dfe 6, 12051 Berlin<br \/>\nTel.: +49 (0)30 567300-77<br \/>\nFax.: +49 (0)30 567300-76<br \/>\n<a href=\"http:\/\/www.kulturspionage.com\" target=\"_blank\">www.kulturspionage.com<br \/>\n<\/a><a href=\"mailto:auftrag@kulturspionage.com\">auftrag@kulturspionage.com<\/a><\/p>\n<p>&nbsp;<\/p>\n<h2>Information zum Programm<\/h2>\n<ul class=\"arrow\">\n<li><a title=\"Sonder-Veranstaltungen\" href=\"http:\/\/www.triennale-der-moderne.de\/2013\/\/berlin\/sonder-veranstaltungen\/\">Sonderveranstaltungen<\/a><\/li>\n<li><a title=\"1.Triennale-Wochenende\" href=\"http:\/\/www.triennale-der-moderne.de\/2013\/\/berlin\/triennale-wochenende-i\/\">Triennale-Wochenende 27.-29.9.<\/a><\/li>\n<li><a title=\"Komplettes Programm\" href=\"http:\/\/www.triennale-der-moderne.de\/2013\/\/berlin\/komplettes-programm\/\">Komplettes Programm<\/a><\/li>\n<\/ul>\n","protected":false},"excerpt":{"rendered":"<p>2013 j\u00e4hrt sich die nationalsozialistische Machtergreifung in Deutschland zum 80. Mal und ist Anlass f\u00fcr das Erinnerungsjahr \u201eZerst\u00f6rte Vielfalt\u201c. 1933 war auch f\u00fcr die Kunst- und Architekturmoderne ein Schicksalsjahr. Es war das Jahr, in dem das Bauhaus nach seinem letzten Umzug von Dessau nach Berlin 1932 endg\u00fcltig geschlossen wurde. Berlin als politisches Zentrum Deutschlands wurde [&hellip;]<\/p>\n","protected":false},"author":1,"featured_media":0,"parent":6,"menu_order":0,"comment_status":"open","ping_status":"open","template":"_template_60_40.php","meta":{"_acf_changed":false,"footnotes":""},"class_list":["post-20","page","type-page","status-publish","hentry"],"acf":[],"_links":{"self":[{"href":"https:\/\/www.triennale-der-moderne.de\/2013\/wp-json\/wp\/v2\/pages\/20"}],"collection":[{"href":"https:\/\/www.triennale-der-moderne.de\/2013\/wp-json\/wp\/v2\/pages"}],"about":[{"href":"https:\/\/www.triennale-der-moderne.de\/2013\/wp-json\/wp\/v2\/types\/page"}],"author":[{"embeddable":true,"href":"https:\/\/www.triennale-der-moderne.de\/2013\/wp-json\/wp\/v2\/users\/1"}],"replies":[{"embeddable":true,"href":"https:\/\/www.triennale-der-moderne.de\/2013\/wp-json\/wp\/v2\/comments?post=20"}],"version-history":[{"count":4,"href":"https:\/\/www.triennale-der-moderne.de\/2013\/wp-json\/wp\/v2\/pages\/20\/revisions"}],"predecessor-version":[{"id":2342,"href":"https:\/\/www.triennale-der-moderne.de\/2013\/wp-json\/wp\/v2\/pages\/20\/revisions\/2342"}],"up":[{"embeddable":true,"href":"https:\/\/www.triennale-der-moderne.de\/2013\/wp-json\/wp\/v2\/pages\/6"}],"wp:attachment":[{"href":"https:\/\/www.triennale-der-moderne.de\/2013\/wp-json\/wp\/v2\/media?parent=20"}],"curies":[{"name":"wp","href":"https:\/\/api.w.org\/{rel}","templated":true}]}}