{"id":26,"date":"2013-05-04T10:07:18","date_gmt":"2013-05-04T10:07:18","guid":{"rendered":"http:\/\/www.triennale-der-moderne.de\/2013\/\/?page_id=26"},"modified":"2013-05-04T10:07:18","modified_gmt":"2013-05-04T10:07:18","slug":"komplettes-programm","status":"publish","type":"page","link":"\/2013\/berlin\/komplettes-programm\/","title":{"rendered":"Komplettes Programm"},"content":{"rendered":"<\/p>\n<p><\/p>\n<h1>1. TRIENNALE-WOCHENENDE<\/h1>\n<h2>Freitag, 27.9. &#8211; Sonntag, 29.9.2013<\/h2>\n<p>\n<strong>Freitag 27.9.2013<\/strong><\/p>\n<ul class=\"arrow\">\n<li><a title=\"Er\u00f6ffnungsvortrag in der Architektenkammer\" href=\"http:\/\/www.triennale-der-moderne.de\/2013\/berlin\/veranstaltungsorte\/eroffnungsvortrag-der-architektenkammer\/\">19 Uhr: Er\u00f6ffnung der Triennale-Wochen mit \u201eDas Bauhaus in Berlin 1932\/33\u2033 \u2013 Vortrag von Dr. Annemarie Jaeggi, Direktorin Bauhaus-Archiv und Buchpr\u00e4sentation; Ort: Architektenkammer Berlin, Alte Jakobstr. 149; Eintritt frei, begrenzte Platzzahl,<br \/>\nAnmeldung \u00fcber <\/a><a href=\"mailto:auftrag@kulturspionage.com\">auftrag-at-kulturspionage.com<\/a><\/li>\n<\/ul>\n<p>\n<strong>Samstag 28.9.2013<\/strong><\/p>\n<ul class=\"arrow\">\n<li><a title=\"Ehemalige Bundesschule des AGDB Bernau\" href=\"http:\/\/www.triennale-der-moderne.de\/2013\/berlin\/veranstaltungsorte\/ehemalige-bundesschule-des-agdb-bernau\/\">11 Uhr: Besichtigung und F\u00fchrung \u201eADGB-Bundesschule Bernau\u201c; Veranstalter: Handwerkskammer Brandenburg mit Brenne-Architekten; Treffpunkt: am Haupteingang, Teilnehmerzahl max. 30 Pers., kein Eintritt, Anmeldung \u00fcber <a href=\"mailto:auftrag@kulturspionage.com\">auftrag-at-kulturspionage.com<\/a><\/li>\n<\/ul>\n<ul class=\"arrow\">\n<li><a title=\"Ticket B \u2013 Stadtf\u00fchrungen f\u00fcr Architekten\" href=\"http:\/\/www.triennale-der-moderne.de\/2013\/\/berlin\/veranstaltungsorte\/ticket-b\/\">11 Uhr: F\u00fchrung durch die Ringsiedlung Siemensstadt mit Wohnungsbesichtigung, 2h, 10\u20ac p.P., Anmeldung unter <\/a><a href=\"mailto:info@ticket-b.de\">info-at-ticket-b.de<\/a><\/li>\n<\/ul>\n<ul class=\"arrow\">\n<li><a title=\"Reichsforschungssiedlung Haselhorst\" href=\"http:\/\/www.triennale-der-moderne.de\/2013\/\/berlin\/veranstaltungsorte\/siedlung-haselhorst\/\">13 Uhr: F\u00fchrung durch die Siedlung Haselhorst; Veranstalter: GEWOBAG, Michael Bienert, Treffpunkt: U-Bhf Haselhorst, Ausgang Gorgasring.<\/a><\/li>\n<\/ul>\n<ul class=\"arrow\">\n<li><a title=\"J\u00fcdische Architekten-Busrundfahrt am 28.9.\" href=\"http:\/\/www.triennale-der-moderne.de\/2013\/berlin\/veranstaltungsorte\/judische-architekten-busrundfahrt-28-9\/\">15 Uhr: Thematische Busfahrt zu Bauten j\u00fcdischer Architekten. Villen und Landh\u00e4user in Charlottenburg und Dahlem; Veranstalter: Gesellschaft zur Erforschung des Lebens und Wirkens j\u00fcdischer Architekten e.V.; Treffpunkt und weitere Angaben: siehe Details<\/a> \u2013 <b>Anmeldung nicht mehr m\u00f6glich, da F\u00fchrung ausgebucht!<\/b><\/li>\n<\/ul>\n<ul class=\"arrow\">\n<li><a title=\"Siedlung am Schillerpark\" href=\"http:\/\/www.triennale-der-moderne.de\/2013\/berlin\/veranstaltungsorte\/siedlung-schillerpark\/\">15 Uhr: Die dreifache gr\u00fcne Moderne \u2013 Schillerpark um 1910 und Siedlung Schillerpark 20er bis 50er Jahre. Veranstalter: Landesdenkmalamt Berlin, Klaus Lingenauber + Landschaftsarchitekt Klaus Peter Hackenberg; Treffpunkt: Kiosk Bristolstra\u00dfe \/ Ecke Dubliner Stra\u00dfe; Teilnehmerzahl max. 30 Personen, Anmeldung \u00fcber <a href=\"mailto:auftrag@kulturspionage.com\">auftrag-at-kulturspionage.com<\/li>\n<\/ul>\n<ul class=\"arrow\">\n<li>17 Uhr: Besichtigung der Atelierwohnung von Hans Scharoun in Charlottenburg-Nord und Teile der Ringsiedlung Siemensstadt und der Gro\u00dfsiedlung Charlottenburg Nord. Im Anschluss besteht die M\u00f6glichkeit, die Ausstellung \u201eArchitekturfotografie in Berliner Siedlungen \u2013 Gestern und heute\u201c in der Infostation zu besuchen. Treffpunkt: Infostation Siemensstadt, Goebelstra\u00dfe 2\u201310, 13627 Berlin, Dauer 2h, Eintritt: 10\u20ac p. P., Anmeldung unter <a href=\"mailto:info@ticket-b.de\">info-at-ticket-b.de<\/a><\/li>\n<\/ul>\n<ul class=\"arrow\">\n<li><a title=\"Ticket B\" href=\"http:\/\/www.triennale-der-moderne.de\/2013\/\/berlin\/veranstaltungsorte\/ticket-b\/\">20 Uhr: Ausstellungser\u00f6ffnung \u201eArchitekturfotografie in Berliner Siedlungen \u2013 Gestern und heute\u201c; Veranstalter: Ticket B, Ort: Infostation Siemensstadt, Goebelstr. 2-10<\/a><\/li>\n<\/ul>\n<p>\n<strong>Sonntag 29.9.2013<\/strong><\/p>\n<ul class=\"arrow\">\n<li><a title=\"Ticket B \u2013 Stadtf\u00fchrungen f\u00fcr Architekten\" href=\"http:\/\/www.triennale-der-moderne.de\/2013\/\/berlin\/veranstaltungsorte\/ticket-b\/\">10 Uhr: F\u00fchrung durch die Onkel-Tom-Siedlung und ehemalige SS-Kameradschaftssiedlung Quermatenweg; anschl. Besuch Haus Werner\/ Haus Perls\/Haus Fuchs von Mies van der Rohe, 2h, 10\u20ac p.P., Anmeldung unter <a href=\"mailto:info@ticket-b.de\">info-at-ticket-b.de<\/a><\/li>\n<\/ul>\n<ul class=\"arrow\">\n<li>11 Uhr: F\u00fchrung durch die Ausstellung \u201eDrei Kontinente &#8211; sieben L\u00e4nder &#8211; Werke von Erich Mendelsohn aus der Architektursammlung der Kunstbibliothek\u201c<\/li>\n<\/ul>\n<ul class=\"arrow\">\n<li><a title=\"Museum Neukoelln\" href=\"http:\/\/www.triennale-der-moderne.de\/2013\/\/berlin\/veranstaltungsorte\/museum-neukoelln\/\">11 Uhr: Ausstellungsf\u00fchrung \u201eEnde einer Idylle? Die Hufeisen- und Krugpfuhlsiedlung vor und nach 1933\u201c; Veranstalter\/Ort: Museum Neuk\u00f6lln, Alt-Britz 81<\/a><\/li>\n<\/ul>\n<ul class=\"arrow\">\n<li><a title=\"Tautes Heim\" href=\"http:\/\/www.triennale-der-moderne.de\/2013\/\/berlin\/veranstaltungsorte\/tautes-heim\/\">14 Uhr: F\u00fchrung durch die Hufeisensiedlung mit Besichtigung des denkmalgerecht restaurierten Ferienhauses \u201eTautes Heim\u201c, ausgezeichnet mit dem Europa Nostra Award 2013, Veranstalter: Katrin Lesser \/ Ben Buschfeld, Treffpunkt: Treppe vorm Hufeisen, Fritz-Reuter-Allee; begrenzte Personenzahl, Anmeldung erforderlich unter <a href=\"mailto:info@tautes-heim.de\">info-at-tautes-heim.de<\/a> \u2013 <b>Anmeldung nicht mehr m\u00f6glich, da F\u00fchrung ausgebucht!<\/b><\/li>\n<\/ul>\n<ul class=\"arrow\">\n<li><a title=\"Bauhaus-Archiv \u2013 Museum f\u00fcr Gestaltung\" href=\"http:\/\/www.triennale-der-moderne.de\/2013\/\/berlin\/veranstaltungsorte\/bauhaus-archiv\/\">14 Uhr deutsch + 15 Uhr englisch: F\u00fchrung Zu den Schl\u00fcsselwerken der Moderne \/ \u201eSituation der Bauh\u00e4usler nach 1933\u201c; Veranstalter\/Ort: Bauhaus-Archiv \/ Museum f\u00fcr Gestaltung; F\u00fchrung kostenfrei, zzgl. Museumseintritt 7\u20ac, erm. 4\u20ac<\/a><\/li>\n<\/ul>\n<ul class=\"arrow\">\n<li><a title=\"Ticket B\" href=\"http:\/\/www.triennale-der-moderne.de\/2013\/\/berlin\/veranstaltungsorte\/ticket-b\/\">15 Uhr: F\u00fchrung \u201eNationalsozialismus in der Siemensstadt\u201c; Veranstalter: Pfarrerin Christine Pohl \/ Ticket B; Ort: Christophorus-Kirche, Schuckertdamm 338. Im Anschluss Diskussion und Spaziergang durch die Ringsiedlung zur Fotoausstellung in der Infostation Siemensstadt<\/a><\/li>\n<\/ul>\n<ul class=\"arrow\">\n<li><a title=\"Museum Neuk\u00f6lln\" href=\"http:\/\/www.triennale-der-moderne.de\/2013\/\/berlin\/veranstaltungsorte\/museum-neukoelln\/\">16 Uhr: Vortrag \u201eBewohnerschicksale in der Hufeisen\u00adiedlung\u201c; Museum Neuk\u00f6lln<\/a><\/li>\n<\/ul>\n<p><\/p>\n<h1>Triennale-Wochen in Berlin<\/h1>\n<h2>Programm in der Zeit vom 30.9.- 3.10.<\/h2>\n<\/p>\n<p><strong>Montag 30.9.2013<\/strong><\/p>\n<ul class=\"arrow\">\n<li><a title=\"Haus am Rupenhorn + Vortrag Anke Bl\u00fcmm\" href=\"http:\/\/www.triennale-der-moderne.de\/2013\/\/berlin\/veranstaltungsorte\/haus-am-rupenhorn\/\">11 + 13 Uhr: Besichtigungen des Hauses und der Ausstellung \u201eAlfons Anker, Architekt\u201c, max. 15 Personen je Gruppe. <br \/>\n18 Uhr: (Einlass ab 17.30 Uhr): Vortrag Anke Bl\u00fcmm: \u201eEntartete Baukunst\u201c? Zum Umgang mit dem Neuen Bauen 1933\u201345. <br \/>Veranstalter: Dr. Christa Kliemke; Ort: Haus am  Rupenhorn 25\/Heerstra\u00dfe 161, 14055 Berlin-Charlottenburg. Kostenbeitrag: F\u00fchrungen und Vortrag jeweils 10\u20ac\/Person, Anmeldung \u00fcber <a href=\"mailto:auftrag@kulturspionage.com\">auftrag-at-kulturspionage.com<\/a><\/a><\/li>\n<\/ul>\n<p><strong>Dienstag 1.10.2013<\/strong><\/p>\n<ul class=\"arrow\">\n<li><b>ACHTUNG Programm\u00e4nderung \u2013 Termin verschoben auf den 8.10.2013<\/b><br \/>\n15 Uhr: Busrundfahrt zu Bauten der Gro\u00dfstadt in Mitte, Kreuzberg und Sch\u00f6neberg; Veranstalter: Gesellschaft zur Erforschung des Lebens und Wirkens j\u00fcdischer Architekten\/Senatsverwaltung f\u00fcr Stadtentwicklung und Umwelt &#8211; Kommunikation<\/li>\n<\/ul>\n<p><strong>Mittwoch 2.10.2013<\/strong><\/p>\n<ul class=\"arrow\">\n<li><a href=\"http:\/\/www.triennale-der-moderne.de\/2013\/berlin\/veranstaltungsorte\/gartenstadt-falkenberg\/\" title=\"Gartenstadt Falkenberg\">17 Uhr: &#8222;Die farbige Moderne \u2013 die Tuschkastensiedlung Falkenberg und ihr Umfeld&#8220;; F\u00fchrung: Dr. Matthias Dunger; Veranstalter: Landesdenkmalamt Berlin, Treffpunkt: In der Ausstellung \u201e100 Jahre Gartenstadt Falkenberg\u201c, Am Falkenberg 117, 12524 Berlin, Zugang \u00fcber Gartenstadtweg 9; freier Eintritt, Anmeldung \u00fcber <\/a><a href=\"mailto:auftrag@kulturspionage.com\">auftrag-at-kulturspionage.com<\/a><\/li>\n<\/ul>\n<p><strong>Donnerstag 3.10.2013<\/strong><\/p>\n<ul class=\"arrow\">\n<li>12 Uhr: Besichtigung der Atelierwohnung von Hans Scharoun in Charlottenburg-Nord und Teile der Ringsiedlung Siemensstadt und der Gro\u00dfsiedlung Charlottenburg Nord. Im Anschluss besteht die M\u00f6glichkeit, die Ausstellung \u201eArchitekturfotografie in Berliner Siedlungen \u2013 Gestern und heute\u201c in der Infostation zu besuchen. Treffpunkt: Infostation Siemensstadt, Goebelstra\u00dfe 2\u201310, 13627 Berlin, Dauer 2h, Eintritt: 10\u20ac p. P., Anmeldung unter <a href=\"mailto:info@ticket-b.de\">info-at-ticket-b.de<\/a><\/li>\n<li><a href=\"http:\/\/www.triennale-der-moderne.de\/2013\/berlin\/veranstaltungsorte\/aerodynamischer-park-adlershof\/\" title=\"Aerodynamischer Park Adlershof\">14 Uhr: Der Aerodynamische Park in Berlin-Adlershof, F\u00fchrung und Besichtigung des Gro\u00dfen Windkanals, des Trudelwindkanals und des schalld\u00e4mpfenden Motorenpr\u00fcfstands (nur teilweise barrierefrei zug\u00e4nglich). Veranstalter: F\u00f6rderverein Landschaftspark Johannistal \/ Adlershof e.V., in Kooperation\/mit Unterst\u00fctzung der Gesellschaft zur Bewahrung Luftfahrttechnischer St\u00e4tten in Deutschland GBSL e. V. und der WISTA Management GmbH, Treffpunkt: Gro\u00dfer Windkanal, Kroneckerstra\u00dfe \/ Ecke Newtonstra\u00dfe, 12489 Berlin, Dauer: ca. 2 Stunden, Teilnehmerzahl max. 25 Personen, Anmeldung \u00fcber<\/a> <a href=\"mailto:auftrag@kulturspionage.com\">auftrag-at-kulturspionage.com<\/a><\/li>\n<\/ul>\n<p><strong>Freitag 4.10.2013<\/strong><\/p>\n<ul class=\"arrow\">\n<li><a title=\"Ludwig Lesser + Gartenstadt Frohnau\" href=\"http:\/\/www.triennale-der-moderne.de\/2013\/\/berlin\/veranstaltungsorte\/ludwig-lesser\/\">15 Uhr: Ludwig Lesser und die Gr\u00fcnanlagen der Gartenstadt Frohnau; F\u00fchrung: Katrin Lesser (Landschaftsarchitektin und Ur-Enkelin Ludwig Lessers); Treffpunkt: Geb\u00e4ude des S-Bahnhofs \u201cFrohnau\u201d; Anmeldung \u00fcber <a href=\"mailto:auftrag-at-kulturspionage.com\">auftrag-at-kulturspionage.com<\/a><br \/>\n<\/a><\/li>\n<\/ul>\n<p><strong>Samstag 5.10.2013<\/strong><\/p>\n<ul class=\"arrow\">\n<li>14 Uhr: Die Architekturgeschichte rund um das Bauhaus-Archiv. Auf einem Streifzug durch das Tiergartenviertel geht es unter anderem zum Shell-Haus und zur Neuen Nationalgalerie, zum angrenzenden Kulturforum und zu einigen Botschaften sowie Landesvertretungen; Veranstalter\/F\u00fchrung: art:berlin in Kooperation mit dem Bauhaus-Archiv \/ Museum f\u00fcr Gestaltung; Treffpunkt: Bauhaus-Archiv, Klingelh\u00f6ferstr. 14, 10785 Berlin; Eintritt: 15\u20ac p. P., Anmeldung unter Tel. 030-28 09 63 90 oder <a href=\"mailto:info@artberlin-online.de\">info-at-artberlin-online.de<\/a><br \/>\n<\/a><\/li>\n<\/ul>\n<p><strong>Sonntag 6.10.2013<\/strong><\/p>\n<ul class=\"arrow\">\n<li><a title=\"Bauhaus-Archiv \u2013 Museum f\u00fcr Gestaltung\" href=\"http:\/\/www.triennale-der-moderne.de\/2013\/\/berlin\/veranstaltungsorte\/bauhaus-archiv\/\">14 Uhr: F\u00fchrung zu den Schl\u00fcsselwerken der Moderne \/ &#8222;Situation der Bauh\u00e4usler nach 1933&#8220;; Ort\/Veranstalter: Bauhaus-Archiv<\/a><\/li>\n<\/ul>\n<ul class=\"arrow\">\n<li><a href=\"http:\/\/www.triennale-der-moderne.de\/2013\/\/berlin\/veranstaltungsorte\/ticket-b\/\" title=\"Ticket B \u2013 Stadtf\u00fchrungen f\u00fcr Architekten\">10 Uhr: F\u00fchrung durch die Wei\u00dfe Stadt mit Wohnungsbesichtigung und<br \/>\nDachterrasse Br\u00fcckenhaus; <br \/>Anmeldung unter <a href=\"mailto:info@ticket-b.de\">info-at-ticket-b.de<\/a>, 2h, 10\u20ac p.P.<\/a><\/li>\n<\/ul>\n<p><strong>Montag 7.10.2013<\/strong><\/p>\n<ul class=\"arrow\">\n<li>17 Uhr: Vom Holl\u00e4ndischen Viertel zur Wei\u00dfen Stadt \u2013 zwei Welterbesiedlungen der Berliner Moderne;<br \/>\nRundgang durch beide Siedlungen mit Besichtigung des Ladengesch\u00e4fts in der Schillerparksiedlung und der Dachterrasse in der Wei\u00dfen Stadt. Erl\u00e4uterung zur Baugeschichte und dem denkmalpflegerischen Ansatz im Umgang mit dem Weltkulturerbe. Veranstalter\/F\u00fchrung: Landesdenkmalamt Berlin, Sybille Haseley; Treffpunkt: Bristolstra\u00dfe \/ Ecke Oxforder Stra\u00dfe an der Info-Stele, Dauer: ca. 2h, kein Eintritt, Anmeldung \u00fcber <a href=\"mailto:auftrag@kulturspionage.com\">auftrag-at-kulturspionage.com<\/a>\n<\/li>\n<\/ul>\n<p><strong>Dienstag 8.10.2013<\/strong><\/p>\n<ul class=\"arrow\">\n<li><b>Neuer Termin nach krankheitsbedingter Verschiebung vom 2.10.2013<\/b><br \/>\n<a href=\"http:\/\/www.triennale-der-moderne.de\/2013\/berlin\/veranstaltungsorte\/judische-architekten-busrundfahrt-1-10\/\" title=\"J\u00fcdische Architekten \u2013 Busrundfahrt am 1.10.\">15 Uhr: Busrundfahrt zu Bauten der Gro\u00dfstadt in Mitte, Kreuzberg und Sch\u00f6neberg; Veranstalter: Gesellschaft zur Erforschung des Lebens und Wirkens j\u00fcdischer Architekten\/Senatsverwaltung f\u00fcr Stadtentwicklung und Umwelt &#8211; Kommunikation<\/a><\/li>\n<li><a href=\"http:\/\/www.triennale-der-moderne.de\/2013\/berlin\/veranstaltungsorte\/jungfernheide-und-siemenstadt\/\" title=\"Jungfernheide und Siemenstadt\">16.30 Uhr: Die Jungfernheide von Erwin Barth und die gr\u00fcne Siemensstadt von Leberecht Migge \u2013 Erhaltung und Restaurierung zweier Konzepte der gr\u00fcnen Moderne; Veranstalter: Landesdenkmalamt Berlin, Klaus Lingenauber; Info Station Siemensstadt, Goebelstra\u00dfe 2, 13627 Berlin, Teilnehmerzahl max. 30 Personen; Anmeldung \u00fcber <\/a><a href=\"mailto:auftrag@kulturspionage.com\">auftrag-at-kulturspionage.com<\/a><\/li>\n<\/ul>\n<p><strong>Mittwoch 9.10.2013<\/strong><\/p>\n<ul class=\"arrow\">\n<li>16 Uhr: Hufeisensiedlung Britz &#8211; Erhaltung, Restaurierung und energetische Ert\u00fcchtigung einer Inkunabel der Moderne; Veranstalter: Landesdenkmalamt mit Deutsche Wohnen AG und Bezirksamt Neuk\u00f6lln, Herrn Rieser; Treffpunkt: vorm Hufeisen, Fritz-Reuter-Allee, 12359 Berlin<\/li>\n<li><a href=\"http:\/\/www.triennale-der-moderne.de\/2013\/berlin\/veranstaltungsorte\/infostation-und-internetplattform-zur-hufeisensiedlung\/\" title=\"Infostation und Internetplattform zur Hufeisensiedlung\">18 Uhr: Webbasierte Informationsplattform zur Hufeisensiedlung &#8211; Vortrag + Online-Demo von hausindividuellen Denkmalpflegepl\u00e4nen; im Anschluss: Besuch der Ausstellung; Ort: Infostation in der Hufeisensiedlung, Fritz-Reuter-Allee 44, 12359 Berlin; Veranstalter: Ben Buschfeld \/ Freunde und F\u00f6rderer der Hufeisensiedlung Berlin-Britz e.V.; Anmeldung \u00fcber <a href=\"mailto:auftrag@kulturspionage.com\">auftrag-at-kulturspionage.com<\/a><\/a><\/li>\n<\/ul>\n<p><strong>Donnerstag 10.10.2013<\/strong><\/p>\n<ul class=\"arrow\">\n<li>13.30 Uhr: F\u00fchrung \u201eDrei Kontinente &#8211; sieben L\u00e4nder. Werke von Erich Mendelsohn aus der Architektursammlung der Kunstbibliothek\u201c; Veranstalter\/Ort: Kunstbibliothek, untere Sonderausstellungshalle am Kulturforum<\/li>\n<li><a title=\"Juedische Architekten\" href=\"http:\/\/www.triennale-der-moderne.de\/2013\/\/berlin\/veranstaltungsorte\/juedische-architekten\/\">14 \u2013 19.30 Uhr: &#8222;Tag der j\u00fcdischen Architekten&#8220; mit Ausstellungsf\u00fchrung und Vortr\u00e4gen; Veranstalter\/Ort: Kunstbibliothek der Staatlichen Museen zu Berlin am Kulturforum\/Gesellschaft zur Erforschung des Lebens und Wirkens j\u00fcdischer Architekten e.V.\/Senatsverwaltung f\u00fcr Stadtentwicklung und Umwelt &#8211; Kommunikation (Details siehe Link-Folgeseite)<\/a><\/li>\n<\/ul>\n<p><strong>Freitag 11.10.2013<\/strong><\/p>\n<ul class=\"arrow\">\n<li><a href=\"http:\/\/www.triennale-der-moderne.de\/2013\/berlin\/veranstaltungsorte\/revolutionsdenkmal\/\" title=\"Revolutionsdenkmal von Mies van der Rohe in Lichtenberg\">14 Uhr: Das Revolutionsdenkmal von Ludwig Mies van der Rohe \u2013 Eine auszuf\u00fcllende Leerstelle? Pr\u00e4sentation der Arbeitsergebnisse von Sch\u00fclern der 12. Klasse der Evangelischen Schule Berlin-Zentrum zum Thema \u201eDenkmal und Erinnerungsort \u2013 was hat das mit uns heute zu tun?\u201c. Ort: Museum Lichtenberg<\/a><\/li>\n<li><a title=\"Mies-van-der-Rohe-Haus\" href=\"http:\/\/www.triennale-der-moderne.de\/2013\/\/berlin\/veranstaltungsorte\/mies-van-der-rohe-haus\/\">19 Uhr: \u201eMies in Berlin\u201c \u2013 Come Together (Programm wird noch bekannt gegeben); Ort: Mies van der Rohe Haus Weissensee; Veranstalter: Kahlfeld Architekten\/Mies van der Rohe Haus, Dr. Wita Noack. Teilnehmerzahl max. 30 Personen, Anmeldung \u00fcber <a href=\"mailto:info@miesvanderrohehaus.de\">info-at-miesvanderrohehaus.de<\/a><\/a><\/li>\n<li>19.30 Uhr: Vortrag &#8222;Sanierungen der 20er-Jahre Siedlungen in Berlin&#8220;; Referent: Winfried Brenne Architekten, Ort: Infostation Siemensstadt &#8211; Caf\u00e9 Forbat, Goebelstr. 2-10, 13627 Berlin<br \/>\nAnmeldung nicht erforderlich<\/li>\n<\/ul>\n<p><strong>Samstag 12.10.2013<\/strong><\/p>\n<ul class=\"arrow\">\n<li>14 Uhr: Die ADGB-Bundesschule Bernau &#8222;Vorbildlich denkmalgerecht saniert\u201c, steht die 1930 errichtete Bundesschule Bernau als ein von Bauh\u00e4uslern geplantes und schl\u00fcsselfertig umgesetztes Geb\u00e4ude mitten im Waldgebiet n\u00f6rdlich von Berlin. Mit ihrer radikal modernen Architektursprache setzten Hannes Meyer und Hans Wittwer Ma\u00dfst\u00e4be f\u00fcr den modernen Schulbau. F\u00fchrung und Innenbesichtigung der Lehr-, Wohn- und Aufenthaltsr\u00e4ume. Veranstalter\/F\u00fchrung: art:berlin in Kooperation mit dem Bauhaus-Archiv \/ Museum f\u00fcr Gestaltung; Treffpunkt: S-Bahnhof Bernau, Ausgang; Eintritt: 20\u20ac p. P. exkl. BVG-Ticket, Anmeldung unter Tel. 030-28096390 oder <a href=\"mailto:info@artberlin-online.de\">info-at-artberlin-online.de<\/a>\n<\/ul>\n<\/p>\n<p><strong>Sonntag 13.10.2013<\/strong><\/p>\n<ul class=\"arrow\">\n<li><a href=\"http:\/\/www.triennale-der-moderne.de\/2013\/\/berlin\/veranstaltungsorte\/ticket-b\/\" title=\"Ticket B \u2013 Stadtf\u00fchrungen f\u00fcr Architekten\">11 Uhr: gef\u00fchrte Radtour zu 3 Siedlungen der Moderne: Wei\u00dfe Stadt, Schillerpark und Siemensstadt; Anmeldung unter <a href=\"mailto:info@ticket-b.de\">info-at-ticket-b.de<\/a>, 2h, 10 p.P., eigenes Fahrrad notwendig<\/a><\/li>\n<li><a title=\"Bauhaus-Archiv \u2013 Museum f\u00fcr Gestaltung\" href=\"http:\/\/www.triennale-der-moderne.de\/2013\/\/berlin\/veranstaltungsorte\/bauhaus-archiv\/\">14 Uhr: F\u00fchrung zu den Schl\u00fcsselwerken der Moderne \/ &#8222;Situation der Bauh\u00e4usler nach 1933&#8220;; Ort\/Veranstalter: Bauhaus-Archiv<\/a><\/li>\n<\/ul>\n<p><\/p>\n<h1>Sonderveranstaltungen<\/h1>\n<h2>vor und nach den Triennale-Wochen<\/h2>\n<\/p>\n<p><strong>15.3.2013<\/strong><\/p>\n<ul class=\"arrow\">\n<li>27. Berliner Denkmaltag \u201eZerst\u00f6rte Vielfalt \u2013 Berliner Denkmale im Nationalsozialismus\u201c, Vortr\u00e4ge zum Themenjahr \u201eZerst\u00f6rte Vielfalt\u201c; Veranstalter: Landesdenkmalamt Berlin, Ort: Altes Stadthaus, Klosterstr. 47<\/li>\n<\/ul>\n<p><strong>21.3.2013<\/strong><\/p>\n<ul class=\"arrow\">\n<li>Filmvorf\u00fchrung aus Anlass des Geburtstages \u201e<span class=\"mendelsohn trigger\">Erich Mendelsohn<\/span> \u2013 Visionen f\u00fcr die Ewigkeit\u201c und Ausstellungs\u00ader\u00f6ffnung \u201e<span class=\"mendelsohn trigger\">Erich Mendelsohn<\/span>: Berlin \u2013 Jerusalem\u201c; Veranstalter\/Ort: Architekten\u00adkammer Berlin, IG-Metallhaus, Alte Jakobstr. 149<\/li>\n<\/ul>\n<p><strong>21.3. \u2013 30.09.2013<\/strong><\/p>\n<ul class=\"arrow\">\n<li>Ausstellung &#8222;<span class=\"mendelsohn trigger\">Erich Mendelsohn<\/span>: Berlin &#8211; Jerusalem&#8220; mit<br \/>\nFotografien von Carsten Krohn; Veranstalter\/Ort: Architekten\u00adkammer Berlin, IG-Metallhaus, Alte Jakobstr. 149<\/li>\n<\/ul>\n<p><strong>18.5. \u2013 31.12.2013<\/strong><\/p>\n<ul class=\"arrow\">\n<li><a href=\"http:\/\/www.triennale-der-moderne.de\/2013\/\/berlin\/veranstaltungsorte\/museum-neukoelln\/\" title=\"Museum Neukoelln\">Ausstellung \u201eEnde einer Idylle? Die Hufeisen- und Krugpfuhlsiedlung vor und nach 1933\u201c; Veranstalter\/Ort: Museum Neuk\u00f6lln im Kulturhof Britz, Alt-Britz 81<\/a><\/li>\n<\/ul>\n<p><strong>2.6.2013 (Welterbetag)<\/strong><\/p>\n<ul class=\"arrow\">\n<li><a href=\"http:\/\/www.stadtentwicklung.berlin.de\/aktuell\/kalender\/kalender_detail.php?id=3517\" target=\"_blank\">Veranstaltung Denkmalsalon \u201eWei\u00dfe Stadt Berlin \u2013 Wei\u00dfe Stadt Tel Aviv\u201c; Veranstalter: Landesdenkmalamt Berlin, Ort: Rotes Rathaus am Alexanderplatz<\/a><\/li>\n<li>16 Uhr: F\u00fchrung durch die Siemenstatdt; Veranstalter: Ticket-B; Treffpunkt: Infostation Siemensstadt, Goebelstra\u00dfe 2-10. 13627 Berlin; Kosten: 10\u20ac p.P.<\/li>\n<\/ul>\n<p><strong>14.6.2013<\/strong><\/p>\n<ul class=\"arrow\">\n<li>12 Uhr: 1. Pressekonferenz zur \u201eTriennale der Moderne\u201c; Veranstaltungsort: Podewil, Klosterstra\u00dfe 68, 10179 Berlin<\/li>\n<\/ul>\n<p><strong>19.9.2013 \u2013 26.1.2014<\/strong><\/p>\n<ul class=\"arrow\">\n<li>Ausstellung \u201eDrei Kontinente \u2013\u00a0sieben L\u00e4nder. Werke von <span class=\"mendelsohn trigger\">Erich Mendelsohn<\/span> aus der Architektursammlung der Kunst\u00adbibliothek\u201c; Veranstalter\/Ort: Kunstbibliothek, untere Sonderausstellungshalle am Kulturforum<\/li>\n<\/ul>\n<p><strong>24.9.2013<\/strong><\/p>\n<ul class=\"arrow\">\n<li>11 Uhr: 2. Pressekonferenz zur \u201eTriennale der Moderne\u201c; Veranstaltungsort: Bauhaus-Archiv \/ Museum f\u00fcr Gestaltung, Klingelh\u00f6ferstra\u00dfe 14, 10785 Berlin<\/li>\n<\/ul>\n<p><strong>28.9. \u2013 13.10.2013<\/strong><\/p>\n<ul class=\"arrow\">\n<li>Ausstellung &#8222;Architekturfotografie in Berliner Siedlungen &#8211; Gestern und heute&#8220;; Ausstellungser\u00f6ffnung am 28.9.2013 um 20.00 Uhr; Veranstalter: Ticket B; Ort: Infostation Siemensstadt, Goebelstr. 2-10, 13627 Berlin, 16.00 \u2013 20.00 Uhr<\/li>\n<\/ul>\n<p><strong>29.9.\/6.10.\/13.10.2013<\/strong><\/p>\n<ul class=\"arrow\">\n<li><a href=\"http:\/\/www.triennale-der-moderne.de\/2013\/berlin\/veranstaltungsorte\/bauhaus-archiv\/\" title=\"Bauhaus-Archiv \u2013 Museum f\u00fcr Gestaltung\">jeweils 14 Uhr deutsch + 15 Uhr englisch: F\u00fchrung &#8222;Situation der Bauh\u00e4usler nach 1933&#8220;; Veranstaltungsort: Bauhaus-Archiv \/ Museum f\u00fcr Gestaltung; F\u00fchrung kostenfrei, zzgl. Museumseintritt<\/a><\/li>\n<\/ul>\n<p><strong>29.9. \u2013 31.12.2013<\/strong><\/p>\n<ul class=\"arrow\">\n<li><a href=\"http:\/\/www.triennale-der-moderne.de\/2013\/berlin\/veranstaltungsorte\/bauhaus-archiv\/\" title=\"Bauhaus-Archiv \u2013 Museum f\u00fcr Gestaltung\">Eine Informationstafel in der st\u00e4ndigen Sammlung des Bauhaus-Archivs \/ Museum f\u00fcr Gestaltung informiert \u00fcber Biografien von Bauh\u00e4uslern in der Zeit des Nationalsozialismus. Mi, Do, Fr 6\u20ac \/ erm. 3\u20ac \u2013 Sa, So, Mo 7\u20ac \/ erm. 4\u20ac<\/a><\/li>\n<\/ul>\n<p><\/a><\/li>\n<\/ul>\n<p><strong>20.11.2013 \u2013 24.2.2014<\/strong><\/p>\n<ul class=\"arrow\">\n<li>Ausstellung \u201emein reklame-fegefeuer \u2013 Herbert Bayer und die deutsche Werbegrafik 1928-1938\u201c; Veranstalter\/Ort: Bauhaus-Archiv, Klingelh\u00f6ferstra\u00dfe 14<\/li>\n<\/ul>\n<p><strong>28.11.2013<\/strong><\/p>\n<ul class=\"arrow\">\n<li>18 Uhr: Vortrag Carsten Krohn, Architekt: \u201eMendelsohns Bauten aus heutiger Sicht\u201c; Treffpunkt: Information in der Eingangshalle Kulturforum, Eintritt frei; Veranstalter: Kunstbibliothek Staatliche Museen zu Berlin, Matth\u00e4ikirchplatz, 10785 Berlin. <a href=\"http:\/\/www.smb.museum\/smb\/kalender\/details.php?objID=46067&amp;datum=28.11.2013+18:00\" target=\"_blank\">Weitere Informationen<\/a><\/li>\n<\/ul>\n<p><strong>9.1.2014<\/strong><\/p>\n<ul class=\"arrow\">\n<li>18 Uhr: Vortrag Dr. Ita Heinze-Greenberg (ETH Z\u00fcrich): \u201eIch bin ein freier Bauer!\u201c Erich Mendelsohn in Jerusalem; Treffpunkt: Information in der Eingangshalle Kulturforum, Eintritt frei; Veranstalter: Kunstbibliothek Staatliche Museen zu Berlin, Matth\u00e4ikirchplatz, 10785 Berlin. <a href=\"http:\/\/www.smb.museum\/smb\/kalender\/details.php?objID=46068&amp;datum=09.01.2014+18:00\" target=\"_blank\">Weitere Informationen<\/a><\/li>\n<\/ul>\n<p><\/p>\n","protected":false},"excerpt":{"rendered":"<p>1. TRIENNALE-WOCHENENDE Freitag, 27.9. &#8211; Sonntag, 29.9.2013 Freitag 27.9.2013 19 Uhr: Er\u00f6ffnung der Triennale-Wochen mit \u201eDas Bauhaus in Berlin 1932\/33\u2033 \u2013 Vortrag von Dr. Annemarie Jaeggi, Direktorin Bauhaus-Archiv und Buchpr\u00e4sentation; Ort: Architektenkammer Berlin, Alte Jakobstr. 149; Eintritt frei, begrenzte Platzzahl, Anmeldung \u00fcber auftrag-at-kulturspionage.com Samstag 28.9.2013 11 Uhr: Besichtigung und F\u00fchrung \u201eADGB-Bundesschule Bernau\u201c; Veranstalter: Handwerkskammer Brandenburg [&hellip;]<\/p>\n","protected":false},"author":1,"featured_media":0,"parent":6,"menu_order":0,"comment_status":"open","ping_status":"open","template":"","meta":{"_acf_changed":false,"footnotes":""},"class_list":["post-26","page","type-page","status-publish","hentry"],"acf":[],"_links":{"self":[{"href":"https:\/\/www.triennale-der-moderne.de\/2013\/wp-json\/wp\/v2\/pages\/26"}],"collection":[{"href":"https:\/\/www.triennale-der-moderne.de\/2013\/wp-json\/wp\/v2\/pages"}],"about":[{"href":"https:\/\/www.triennale-der-moderne.de\/2013\/wp-json\/wp\/v2\/types\/page"}],"author":[{"embeddable":true,"href":"https:\/\/www.triennale-der-moderne.de\/2013\/wp-json\/wp\/v2\/users\/1"}],"replies":[{"embeddable":true,"href":"https:\/\/www.triennale-der-moderne.de\/2013\/wp-json\/wp\/v2\/comments?post=26"}],"version-history":[{"count":0,"href":"https:\/\/www.triennale-der-moderne.de\/2013\/wp-json\/wp\/v2\/pages\/26\/revisions"}],"up":[{"embeddable":true,"href":"https:\/\/www.triennale-der-moderne.de\/2013\/wp-json\/wp\/v2\/pages\/6"}],"wp:attachment":[{"href":"https:\/\/www.triennale-der-moderne.de\/2013\/wp-json\/wp\/v2\/media?parent=26"}],"curies":[{"name":"wp","href":"https:\/\/api.w.org\/{rel}","templated":true}]}}