{"id":357,"date":"2013-05-06T14:54:18","date_gmt":"2013-05-06T14:54:18","guid":{"rendered":"http:\/\/www.triennale-der-moderne.de\/2013\/\/weimar\/veranstaltungsorte\/nietzsche-archiv\/"},"modified":"2013-05-06T14:54:18","modified_gmt":"2013-05-06T14:54:18","slug":"nietzsche-archiv","status":"publish","type":"page","link":"\/2013\/weimar\/veranstaltungsorte\/nietzsche-archiv\/","title":{"rendered":"Nietzsche Archiv"},"content":{"rendered":"<p>\nDas Nietzsche-Archiv wurde Anfang 1894 von Elisabeth F\u00f6rster-Nietzsche, der Schwester des Philosophen, in Naumburg gegr\u00fcndet und im September 1896 nach Weimar verlegt. 1897 bezog sie mit ihrem kranken Bruder die Villa \u00bbSilberblick\u00ab, wo Friedrich Nietzsche 1900 starb. 1902 beauftragte Elisabeth F\u00f6rster-Nietzsche Henry van de Velde mit der Umgestaltung und Neueinrichtung der Erdgeschossr\u00e4ume. Diese wurden am 15. Oktober 1903 feierlich er\u00f6ffnet.<br \/>\nDie Innenarchitektur und die Ausstattung des Nietzsche-Archivs geh\u00f6ren zu van de Veldes gelungensten Sch\u00f6pfungen. Seine gestalterischen Ma\u00dfnahmen betrafen den neuen Eingangsvorbau, das Vestib\u00fcl, den zentralen Bibliotheks- und Versammlungsraum sowie ein kleines Arbeitszimmer und ein Speisezimmer. Das Raumensemble ist als Gesamtkunstwerk fast vollst\u00e4ndig erhalten. Im Bibliotheksraum steht die von Max Klinger geschaffene Nietzsche-Herme aus Marmor, an den W\u00e4nden h\u00e4ngen Hans Oldes Nietzsche-Portr\u00e4ts. Im ehemaligen Speisezimmer dokumentiert eine Studio-Ausstellung die widerspruchsvolle Geschichte des Hauses.\n<\/p>\n<p>\n<strong>Nietzsche-Archiv<\/strong><br \/>\nHumboldtstra\u00dfe 36 | 99432 Weimar<br \/>\nDi\u2013So 11\u201317 Uhr<br \/>\nErw. 2,50 \u20ac | erm. 2 \u20ac | Sch\u00fcler (16\u201320 J.) 0,50 \u20ac\n<\/p>\n<p>\n<strong>Veranstaltung am Triennale-Wochenende<\/strong><br \/>\nF\u00fchrung Sa, 5. Okt. 2013, 15 Uhr<br \/>\nErw. 3 \u20ac | Sch\u00fcler (16\u201320 J.) 1 \u20ac<\/p>\n","protected":false},"excerpt":{"rendered":"<p>Das Nietzsche-Archiv wurde Anfang 1894 von Elisabeth F\u00f6rster-Nietzsche, der Schwester des Philosophen, in Naumburg gegr\u00fcndet und im September 1896 nach Weimar verlegt. 1897 bezog sie mit ihrem kranken Bruder die Villa \u00bbSilberblick\u00ab, wo Friedrich Nietzsche 1900 starb. 1902 beauftragte Elisabeth F\u00f6rster-Nietzsche Henry van de Velde mit der Umgestaltung und Neueinrichtung der Erdgeschossr\u00e4ume. Diese wurden am [&hellip;]<\/p>\n","protected":false},"author":1,"featured_media":0,"parent":48,"menu_order":8,"comment_status":"open","ping_status":"open","template":"_template_60_40.php","meta":{"_acf_changed":false,"footnotes":""},"class_list":["post-357","page","type-page","status-publish","hentry"],"acf":[],"_links":{"self":[{"href":"https:\/\/www.triennale-der-moderne.de\/2013\/wp-json\/wp\/v2\/pages\/357"}],"collection":[{"href":"https:\/\/www.triennale-der-moderne.de\/2013\/wp-json\/wp\/v2\/pages"}],"about":[{"href":"https:\/\/www.triennale-der-moderne.de\/2013\/wp-json\/wp\/v2\/types\/page"}],"author":[{"embeddable":true,"href":"https:\/\/www.triennale-der-moderne.de\/2013\/wp-json\/wp\/v2\/users\/1"}],"replies":[{"embeddable":true,"href":"https:\/\/www.triennale-der-moderne.de\/2013\/wp-json\/wp\/v2\/comments?post=357"}],"version-history":[{"count":0,"href":"https:\/\/www.triennale-der-moderne.de\/2013\/wp-json\/wp\/v2\/pages\/357\/revisions"}],"up":[{"embeddable":true,"href":"https:\/\/www.triennale-der-moderne.de\/2013\/wp-json\/wp\/v2\/pages\/48"}],"wp:attachment":[{"href":"https:\/\/www.triennale-der-moderne.de\/2013\/wp-json\/wp\/v2\/media?parent=357"}],"curies":[{"name":"wp","href":"https:\/\/api.w.org\/{rel}","templated":true}]}}