{"id":36,"date":"2013-05-04T10:08:09","date_gmt":"2013-05-04T10:08:09","guid":{"rendered":"http:\/\/www.triennale-der-moderne.de\/2013\/\/?page_id=36"},"modified":"2013-05-04T10:08:09","modified_gmt":"2013-05-04T10:08:09","slug":"komplettes-programm","status":"publish","type":"page","link":"\/2013\/dessau\/komplettes-programm\/","title":{"rendered":"Komplettes Programm"},"content":{"rendered":"<\/p>\n<p><\/p>\n<h1>3. Triennale-Wochenende<\/h1>\n<h2>Freitag, 11.10. &#8211; Sonntag, 13.10.2013<\/h2>\n<p>\n<strong>Do 10.10.2013<\/strong><\/p>\n<ul class=\"arrow\">\n<li><a href=\"http:\/\/www.triennale-der-moderne.de\/2013\/dessau\/veranstaltungsorte\/ernst-neufert-leben-und-werk\/\" title=\"Ernst Neufert \u2013 Leben und Werk\">14 Uhr: \u201eErnst Neufert. Leben und Werk des Architekten. 1900 \u2013 1986\u201c; Symposium mit Gernot Weckherlin, Prof. Johannes Kister, Patricia Merkel, Udo Gleim u. a.; Ort: Foyer, Geb\u00e4ude 04 Bill-Haus, Seminarplatz 2a <\/a><\/li>\n<li><a href=\"http:\/\/www.triennale-der-moderne.de\/2013\/dessau\/veranstaltungsorte\/ernst-neufert-leben-und-werk\/\" title=\"Ernst Neufert \u2013 Leben und Werk\">17 Uhr: Vernissage der Ausstellung \u201eErnst Neufert\u201c, Vortrag Prof. Dr. Werner Durth, TU Darmstadt \u201eStationen im Leben und Werk des Architekten\u201c, Ort: Foyer, Geb\u00e4ude 04 Bill-Haus, Seminarplatz 2a<\/a><\/li>\n<li><a href=\"http:\/\/www.triennale-der-moderne.de\/2013\/dessau\/veranstaltungsorte\/test\/\" title=\"A Capella Festival \u201cVocalRausch\u201d \u2013 Tonalrausch\">20 Uhr: A Cappella Festival \u201eVocal Rausch\u201c: Er\u00f6ffnungskonzert mit Gastgeber Tonalrausch &#8211; Vocal Groove Jazz; Ort: Altes Theater 18\u20ac, Festivalpass auf www.anhalt-ticket.de<\/a><\/li>\n<li>21.30 Uhr: zdf@bauhaus feiert Jubil\u00e4um: Das 55. Konzert ist f\u00fcr die Stadt Dessau-Ro\u00dflau und die Stiftung Bauhaus Dessau Anlass genug, den K\u00fcnstlern, Programmverantwortlichen und Technikern mit einer After Show Party Danke zu sagen; Ort: Werkstattfl\u00fcgel des Bauhausgeb\u00e4udes, Gropiusallee 38<\/li>\n<\/ul>\n<p>\n<strong>Fr 11.10.2013<\/strong><\/p>\n<ul class=\"arrow\">\n<li>18.30 Uhr: Vortrag von Daniel Libeskind \u201eThe meaning of the Bauhaus today\u201c; im Anschluss Daniel Libeskind im Gespr\u00e4ch mit Stephan Dorgerloh, Kultusminister des Landes Sachsen-Anhalt und Philipp Oswalt, Direktor der<br \/>\nStiftung Bauhaus Dessau. Ort: Bauhausgeb\u00e4ude, Gropiusallee 38, kostenlos, Anmeldung erforderlich unter Tel.: 0340-6508250 \u2013 <b>Achtung: Beginn um eine halbe Stunde vorverlegt auf 18.30 Uhr!<\/b><\/p>\n<li><a href=\"http:\/\/www.triennale-der-moderne.de\/2013\/dessau\/veranstaltungsorte\/meister-klee-lichtzeichnung-atelierhaus\/\" title=\"Meister Klee \u2013 Lichtzeichnung Atelierhaus\">anschlie\u00dfend\/vorauss. 21 Uhr:<br \/>\nPerformance \u201cMeister Klee! Lichtzeichnung Atelierhaus\u201d; Referent: K\u00fcnstlerin Darya von Berner (Madrid)<br \/>\nVeranstalter: SBD; Ort: Bauhausgeb\u00e4ude, Gropiusallee 38 (kostenlos)<\/a>\n<\/li>\n<li><a href=\"http:\/\/www.triennale-der-moderne.de\/2013\/dessau\/veranstaltungsorte\/film-die-architekten\/\" title=\"Film \u201cDie Architekten\u201d\">20.30 Uhr: \u201eKiezkino\u201c: &#8222;Die Architekten&#8220;, DDR 1990, Regie: Peter Kahane; Veranstalter: Kiezkino e.V., Herr Steinberg; Ort: Kiez Kino e.V., 06844 Dessau; (5\u20ac normal und 4\u20ac erm\u00e4\u00dfigt f\u00fcr Sch\u00fcler und Studenten)<\/a>\n<\/li>\n<li><a href=\"http:\/\/www.triennale-der-moderne.de\/2013\/dessau\/veranstaltungsorte\/capella-festival-beatboxing\/\" title=\"A Capella Festival \u2013 Klangbezirk, Beatboxing und Lounge\">21 Uhr: A Cappella Festival \u201eVocal Rausch\u201c, Band: Klangbezirk &amp; Babeli Beatbox Champion;<br \/>\nVeranstalter: Herr Volta; Ort: Altes Theater, Am Alten Theater 13  06844 Dessau; (Einlass: 20:30 Uhr, Start: 21 Uhr, Ticket 18\u20ac, Den Festivalpass f\u00fcr alle Veranstaltungen erhalten Sie auf <a href=\"http:\/\/www.anhalt-ticket.de\" title=\"Anhalt Ticket\" target=\"_blank\">www.anhalt-ticket.de<\/a><\/a>\n<\/li>\n<\/ul>\n<p>\n<strong>Sa 12.10. + So 13.10.2013<\/strong><\/p>\n<ul class=\"arrow\">\n<li><a href=\"http:\/\/www.triennale-der-moderne.de\/2013\/dessau\/veranstaltungsorte\/tag-der-offenen-tur\/\" title=\"Tag der offenen T\u00fcr in allen Bauhausbauten\">10 \u2013 17 Uhr: Tag der offenen T\u00fcr in allen Bauhausbauten<\/a><\/li>\n<\/ul>\n<p>\n<strong>Sa 12.10.2013<\/strong><\/p>\n<ul class=\"arrow\">\n<li><a href=\"http:\/\/www.triennale-der-moderne.de\/2013\/dessau\/veranstaltungsorte\/bauhaustiere-und-zuckerwatte\/\" title=\"Austellung \u201cBauhaustiere und Zuckerwatte\u201d\">10 \u2013 17 Uhr: Familienhappening Bauhaustiere im Tierpark und Zuckerwatte aus der Trinkhalle; Ort: Tierpark, Querallee 8 (5) Eintritt 3,50 \u20ac, 2,50 \u20ac erm\u00e4\u00dfigt, 1,50 \u20ac Kinder<\/a><\/li>\n<li><a href=\"http:\/\/www.triennale-der-moderne.de\/2013\/\/dessau\/veranstaltungsorte\/bauhaus-werkstatt\/\" title=\"Bauhaus-Werkstatt\">10 \u2013 15 Uhr: Workshop \u201ePropaganda \u2013 der Bauhaus-Hass\u201c Bauhauswerkstatt f\u00fcr Jugendliche ab 12 Jahren;<br \/>\nReferent:\/Workshopleiter: Reinhard Doubrawa; Veranstalter: SBD; Ort: Bauhausgeb\u00e4ude, Gropiusallee 38<br \/>\n(10\u20ac Essenspauschale, 2-Tagesworkshop, Anmeldung erforderlich unter Tel.: 0340-6508250, <a href=\"mailto:service@bauhaus-dessau.de\">dessau-at-triennale-der-moderne.de\/2013<\/a>)<\/a><br \/>\n<\/a><\/li>\n<li><a href=\"http:\/\/www.triennale-der-moderne.de\/2013\/dessau\/veranstaltungsorte\/ausstellung-ludwig-grote\/\" title=\"Ausstellung \u201cLudwig Grote\u201d\">10 \u2013 18 Uhr: Ausstellung \u201eLudwig Grote\u201c; Ort: Orangerie Georgengarten<\/a>\n<\/li>\n<li><a href=\"http:\/\/www.triennale-der-moderne.de\/2013\/\/dessau\/veranstaltungsorte\/junkers-in-dessau\/\" title=\"Junkers in Dessau\">10.30 Uhr: Busrundfahrt \u201eHugo Junkers in Dessau\u201c auf den Spuren des ber\u00fchmten Ingenieurs und Unternehmers, Dauer ca. 2h; Referent: Irina Steinberg (SBD); Veranstalter: SBD; Ort\/Treffpunkt: Bauhausgeb\u00e4ude, Gropiusallee 38; (9\u20ac pro Person, Anmeldung erforderlich unter Tel.: 0340-6508250, <a href=\"mailto:service@bauhaus-dessau.de\">dessau-at-triennale-der-moderne.de\/2013<\/a>)<\/a>\n<\/li>\n<li><a href=\"http:\/\/www.triennale-der-moderne.de\/2013\/dessau\/veranstaltungsorte\/leopold-fischer-siedlung\/\" title=\"F\u00fchrung \u201cLeopold Fischer Siedlung\u201d\">11 Uhr: F\u00fchrung durch die Leopold Fischer Siedlung (Knarrrberg-Siedlung); Ort\/Treffpunkt: Knarrberg-Siedlung, Christuskirche Ziebigk, Kirchstrasse 2, 06846 Dessau-Ziebigk; Dauer 1,5h; Referent: Frank Wolter (SBD\/Vorsitzender des Freundeskreis der Knarrberg-Siedlung e.V.); Veranstalter: SBD; (6\u20ac pro Person, Anmeldung erforderlich unter Tel.: 0340-6508250, <a href=\"mailto:service@bauhaus-dessau.de\">dessau-at-triennale-der-moderne.de\/2013<\/a>)<\/a>\n<\/li>\n<li><a href=\"http:\/\/www.triennale-der-moderne.de\/2013\/dessau\/veranstaltungsorte\/spaziergang-vom-bauhaus-bis-zyklon-b\/\" title=\"Spaziergang \u201cVom Bauhaus bis Zyklon B\u201d\">11 Uhr: Spaziergang \u201eDessau und die Moderne \u2013 vom Bauhaus bis Zyklon B\u201c, Dauer 1,5h; Referent: Sandra Giegler (SBD); Veranstalter: SBD; Ort\/Treffpunkt: Bauhausgeb\u00e4ude, Gropiusallee 38; (6\u20ac pro Person, Anmeldung erforderlich unter Tel.: 0340-6508250, <a href=\"mailto:service@bauhaus-dessau.de\">dessau-at-triennale-der-moderne.de\/2013<\/a>)<\/a>\n<\/li>\n<li><a href=\"http:\/\/www.triennale-der-moderne.de\/2013\/dessau\/veranstaltungsorte\/fuhrung-gebaute-vision-umweltbundesamt\/\" title=\"F\u00fchrung \u201cGebaute Vision\u201d (Umweltbundesamt)\">11 Uhr: F\u00fchrung \u201eGebaute Vision\u201c Reisewerk, Dauer ca. 1h; Referent: Guido Fackiner; Veranstalter: Reisewerk; Ort: Umweltbundesamt, W\u00f6rlitzerplatz 1,  06844 Dessau (5\u20ac pro Person)<\/a>\n<\/li>\n<li><a href=\"http:\/\/www.triennale-der-moderne.de\/2013\/dessau\/veranstaltungsorte\/neues-bauen-der-ottostadt-magdeburg\/\" title=\"F\u00fchrung \u201cNeues Bauen in der Ottostadt\u201d (Magdeburg)\">12 Uhr: \u201eNeues Bauen\u201c in der Ottostadt Magdeburg &#8211; Sonderstadtrundfahrt; Treffpunkt: Otto-von-Guericke-Denkmal, Alter Markt, Magdeburg Tourist-Information, 14\u20ac, Anmeldung unter Tel.: 0391-8380403<\/a>\n<\/li>\n<li><a href=\"http:\/\/www.triennale-der-moderne.de\/2013\/dessau\/veranstaltungsorte\/fuhrung-das-bauhaus-und-junkers\/\" title=\"F\u00fchrung \u201cDas Bauhaus und Junkers\u201d\">13 Uhr: Sonderf\u00fchrung \u201eDas Bauhaus und Junkers\u201c, Dauer 1h; Referent: Ines Hildebrandt; Veranstalter: Landesarchiv Sachsen-Anhalt; Ort: Landesarchiv  Sachsen-Anhalt, Abteilung Dessau, Alter Wasserturm, Heidestra\u00dfe 21, 06842 Dessau-Rosslau (kostenlos, Anmeldung erforderlich unter Tel.: 0340-6508250, <a href=\"mailto:service@bauhaus-dessau.de\">dessau-at-triennale-der-moderne.de\/2013<\/a>)<\/a>\n<\/li>\n<li><a href=\"http:\/\/www.triennale-der-moderne.de\/2013\/dessau\/veranstaltungsorte\/kinderprojekt-entdeckertour-durch-die-meisterhauser\/\" title=\"Kinderprojekt Entdeckertour durch die Meisterh\u00e4user\">14 Uhr: F\u00fchrung mit Farbworkshop f\u00fcr Kinder &#8222;Entdeckertour durch die Meisterh\u00e4user&#8220;; Dauer 1,5h; Veranstalter: SBD; Startpunkt: Bauhausgeb\u00e4ude, Gropiusallee 38 (kostenlos, Anmeldung erforderlich unter Tel.: 0340-6508250, <a href=\"mailto:service@bauhaus-dessau.de\">dessau-at-triennale-der-moderne.de\/2013<\/a>)<\/a><br \/>\n<\/a><\/li>\n<li><a href=\"http:\/\/www.triennale-der-moderne.de\/2013\/dessau\/veranstaltungsorte\/film-und-vortrag-das-bauhaus-und-auschwitz\/\" title=\"Film und Vortrag \u201cDas Bauhaus und Auschwitz\u201d\">14 Uhr: Vortrag\/Vortragsreihe \u201eDas Bauhaus und Auschwitz \u2013 Zyklon B, T\u00e4ter und Opfer\u201c; Referent: Jana M\u00fcller, AJZ; Veranstalter: Stadt Dessau\/AJZ; Ort: Historisches Arbeitsamt, August-Bebel-Platz, 06844 Dessau<br \/>\n(kostenlos)<\/a>\n<\/li>\n<li><a href=\"http:\/\/www.triennale-der-moderne.de\/2013\/dessau\/veranstaltungsorte\/hausbesichtigung-laubenganghaus\/\" title=\"Hausbesichtigung \u201cLaubenganghaus\u201d\">15 Uhr: Sonder\u00f6ffnung Laubenganghaus \u201eMieter laden ein\u201c; Veranstalter: Wohnungsgenossenschaft Dessau eG; Ort: Laubengangh\u00e4user, Peterholzstrasse, 06849 Dessau (kostenlos)<\/a>\n<\/li>\n<li><a href=\"http:\/\/www.triennale-der-moderne.de\/2013\/dessau\/veranstaltungsorte\/vortrag-die-rolle-der-staatanwaltschaft\/\" title=\"Vortrag \u201cDie Rolle der Staatanwaltschaft\u201d\">15 Uhr: Vortrag \u201eDie Dessauer Staatsanwaltschaft und die Schlie\u00dfung des Bauhaus\u201c; Referent: Gunnar von Wolffersdorff, Wolfgang Th\u00f6ner; Veranstalter: SBD\/JVA; Ort: JVA Dessau, Willy-Lohmannstrasse 28, 06844 Dessau<br \/>\n(kostenlos)<\/a>\n<\/li>\n<li><a href=\"http:\/\/www.triennale-der-moderne.de\/2013\/dessau\/veranstaltungsorte\/bauhausbuehne-song-vom-letzten-bauhausfest\/\" title=\"Anhaltinisches Theater \u2013 Song vom letzten Bauhausfest\">19.30 Uhr: Theaterperformance auf der Bauhausb\u00fchne; Veranstalter: SBD\/Anhaltisches Theater; Ort: Bauhausgeb\u00e4ude, Gropiusallee 38, 06844 Dessau (19\u20ac \/ erm. 15\u20ac, Tickets unter <a href=\"http:\/\/http:\/\/www.anhaltisches-theater.de\/karten\" target=\"_blank\">www.anhaltisches-theater.de\/karten<\/a>)<\/a>\n<\/li>\n<li><a href=\"http:\/\/www.triennale-der-moderne.de\/2013\/dessau\/veranstaltungsorte\/film-mon-oncle\/\" title=\"Film \u201cMon oncle\u201d\">20:30 Uhr: \u201eKiezkino\u201c: &#8222;Mon oncle&#8220;, Frankreich 1958, Regie: Jaques Tati; Veranstalter: Kiezkino e.V., Herr Steinberg; Ort: Kiez Kino e.V., 06844 Dessau (5\u20ac normal und 4\u20ac erm\u00e4\u00dfigt f\u00fcr Sch\u00fcler und Studenten)<\/a>\n<\/li>\n<li><a href=\"http:\/\/www.triennale-der-moderne.de\/2013\/dessau\/veranstaltungsorte\/capella-festival-sjaella\/\" title=\"A Capella Festival \u2013 Sjaella\">21 Uhr: A Cappella Festival \u201eVocal Rausch\u201c; Band: Sjaella; Veranstalter: Herr Volta; Ort: Altes Theater, Am Alten Theater 13  06844 Dessau (Ticket 18\u20ac, Einlass: 20:30 Uhr, Start: 21 Uhr; Den Festivalpass f\u00fcr alle Veranstaltungen erhalten Sie auf <a href=\"http:\/\/www.anhalt-ticket.de\" title=\"Anhalt Ticket\" target=\"_blank\">www.anhalt-ticket.de<\/a><\/a>\n<\/li>\n<\/ul>\n<p>\n<strong>So 13.10.2013<\/strong><\/p>\n<ul class=\"arrow\">\n<li><a href=\"http:\/\/www.triennale-der-moderne.de\/2013\/dessau\/veranstaltungsorte\/tag-der-offenen-tur\/\" title=\"Tag der offenen T\u00fcr in allen Bauhausbauten\">10 \u2013 17 Uhr: Tag der offenen T\u00fcr in allen Bauhausbauten<\/a><\/li>\n<li><a href=\"http:\/\/www.triennale-der-moderne.de\/2013\/dessau\/veranstaltungsorte\/bauhaustiere-und-zuckerwatte\/\" title=\"Austellung \u201cBauhaustiere und Zuckerwatte\u201d\">10 \u2013 17 Uhr: Familienhappening Bauhaustiere im Tierpark und Zuckerwatte aus der Trinkhalle; Ort: Tierpark, Querallee 8 (5) Eintritt 3,50 \u20ac, 2,50 \u20ac erm\u00e4\u00dfigt, 1,50 \u20ac Kinder<\/a><\/li>\n<li><a href=\"http:\/\/www.triennale-der-moderne.de\/2013\/\/dessau\/veranstaltungsorte\/bauhaus-werkstatt\/\" title=\"Bauhaus-Werkstatt\">10 \u2013 15 Uhr: Workshop \u201ePropaganda \u2013 der Bauhaus-Hass\u201c Bauhauswerkstatt f\u00fcr Jugendliche ab 12 Jahren;<br \/>\nReferent\/Workshopleiter: Reinhard Doubrawa; Veranstalter: SBD; Ort: Bauhausgeb\u00e4ude, Gropiusallee 38<br \/>\n(10\u20ac Essenspauschale, 2-Tagesworkshop, Anmeldung erforderlich unter Tel.: 0340-6508250, <a href=\"mailto:service@bauhaus-dessau.de\">dessau-at-triennale-der-moderne.de\/2013<\/a>)<\/a>\n<\/li>\n<li><a href=\"http:\/\/www.triennale-der-moderne.de\/2013\/dessau\/veranstaltungsorte\/ausstellung-ludwig-grote\/\" title=\"Ausstellung \u201cLudwig Grote\u201d\">10 \u2013 18 Uhr: Ausstellung \u201eLudwig Grote\u201c; Ort: Orangerie Georgengarten<\/a>\n<\/li>\n<li><a href=\"http:\/\/www.triennale-der-moderne.de\/2013\/dessau\/veranstaltungsorte\/jazz-brunch-restaurant-altes-theater\/\" title=\"Jazz-Brunch im Restaurant \u201cAltes Theater\u201d\">10 Uhr: Jazz-Brunch, Restaurant \u201eAltes Theater\u201c; Veranstalter: Herr Volta; Ort: Restaurant \u201eAltes Theater\u201c, Am Alten Theater 13, 06844 Dessau, Tel.: 0340-52091376<\/a>\n<\/li>\n<li><a href=\"http:\/\/www.triennale-der-moderne.de\/2013\/dessau\/veranstaltungsorte\/busrundfahrt-dessau-roslau-worlitz-wittenberg\/\" title=\"Busrundfahrt \u201cDessau-Ro\u00dflau-W\u00f6rlitz-Wittenberg\u201d\">10 \u2013 18 Uhr: Busrundfahrt \u201eEine ArchitektTOUR zu den Welterbest\u00e4tten in Dessau-Ro\u00dflau-W\u00f6rlitz-Wittenberg\u201c; Treffpunkt: Bauhausgeb\u00e4ude, Gropiusalleee 38; Preis 24\u20ac, Anmeldung unter Tourist-Information der Stadt Dessau-Ro\u00dflau, Tel.: 0340 2041442 erforderlich&lt;<\/a>\/a&gt;\n<\/li>\n<li><a href=\"http:\/\/www.triennale-der-moderne.de\/2013\/dessau\/veranstaltungsorte\/lesung-vom-bauhaus-nach-palastina\/\" title=\"Lesung \u201cVom Bauhaus nach Pal\u00e4stina\u201d\">11 Uhr: Lesung und Kuratorenf\u00fchrung: Vom Bauhaus nach Pal\u00e4stina: Chanan Frenkel, Ricarda und Heinz Schwerin; Referent: Jutta Schwerin\/Dr. Werner M\u00f6ller; Veranstalter: SBD; Ort: Meisterhaus Kandinsky\/Klee, Ebertallee 65\/67, 06846 Dessau (kostenlos)<\/a>\n<\/li>\n<li><a href=\"http:\/\/www.triennale-der-moderne.de\/2013\/dessau\/veranstaltungsorte\/fuhrung-torten-nach-1933\/\" title=\"F\u00fchrung \u201cT\u00f6rten nach 1933\u2033\">11 Uhr: F\u00fchrung \u201eT\u00f6rten nach 1933 \u2013 Weiterentwicklung der Bauhaus-Planung\u201c; Rundgang durch die Siedlung und Besuch des Informationszentrums, Dauer 1,5h; Referent: Bernd Eichhorn (Siedlerverband); Veranstalter: SBD\/Siedlerverband; Ort\/Treffpunkt: Konsumgeb\u00e4ude, Am Dreieck 1, 06849 Dessau-T\u00f6rten (6\u20ac, Anmeldung erforderlich unter Tel.: 0340-6508250, <a href=\"mailto:service@bauhaus-dessau.de\">dessau-at-triennale-der-moderne.de\/2013<\/a>)<\/a>\n<\/li>\n<li><a href=\"http:\/\/www.triennale-der-moderne.de\/2013\/dessau\/veranstaltungsorte\/kinderprojekt-entdeckertour-durch-die-meisterhauser\/\" title=\"Kinderprojekt Entdeckertour durch die Meisterh\u00e4user\">11 Uhr: F\u00fchrung mit Farbworkshop f\u00fcr Kinder &#8222;Entdeckertour durch die Meisterh\u00e4user&#8220;; Dauer 1,5h; Veranstalter: SBD; Startpunkt: Bauhausgeb\u00e4ude, Gropiusallee 38 (kostenlos, Anmeldung erforderlich unter Tel.: 0340-6508250, <a href=\"mailto:service@bauhaus-dessau.de\">dessau-at-triennale-der-moderne.de\/2013<\/a>)<\/a><br \/>\n<\/a><\/li>\n<li><a href=\"http:\/\/www.triennale-der-moderne.de\/2013\/dessau\/veranstaltungsorte\/fuhrung-warum-das-bauhaus-nach-dessau-kam\/\" title=\"F\u00fchrung \u201cWarum das Bauhaus nach Dessau kam\u201d\">11 Uhr: F\u00fchrung \u201eWarum das Bauhaus nach Dessau kam\u201c, Dauer 1,5h; Veranstalter: Reisewerk;<br \/>\nTreffpunkt: Restaurant am Georgengarten, R\u00f6ttger-Stra\u00dfe 16, 7\u20ac<\/a>\n<\/li>\n<li><a href=\"http:\/\/www.triennale-der-moderne.de\/2013\/dessau\/veranstaltungsorte\/lesung-glaserne-zeit\/\" title=\"Lesung \u201cGl\u00e4serne Zeit\u201d\">14 Uhr: Lesung \u201eGl\u00e4serne Zeit\u201c. Ein Bauhaus-Roman; Referent: Andreas Hilger; Veranstalter: SBD\/Shop im Bauhaus, Herr Klambt; Ort:  Aula im Bauhausgeb\u00e4ude, Gropiusallee 38, 06846 Dessau (kostenlos)<\/a>\n<\/li>\n<li><a href=\"http:\/\/www.triennale-der-moderne.de\/2013\/dessau\/veranstaltungsorte\/film-doku-haus-tugendhat\/\" title=\"Film-Doku \u201cHaus Tugendhat\u201d\">18 Uhr: \u201eMeisterkino\u201c: &#8222;Haus Tugendhaut&#8220;, Deutschland 2013, Regie: Dieter Reifrath; Veranstalter: Verein Meisterh\u00e4user e.V.; Ort: Aula im Bauhausgeb\u00e4ude, Gropiusallee 38 (kostenlos)<\/a>\n<\/li>\n<li><a href=\"http:\/\/www.triennale-der-moderne.de\/2013\/dessau\/veranstaltungsorte\/capella-festival-juice-box-furst-singers\/\" title=\"A Capella Festival \u2013 Juice Box &amp; F\u00fcrst Singers\">18 Uhr: A Cappella Festival \u201eVocal Rausch\u201c,  Abschlu\u00dfkonzert von Juice Box &amp; F\u00fcrst Singers; Veranstalter: Herr Volta; Ort: Marienkirche, Schlossplatz,  06844 Dessau (Ticket 18\u20ac, Einlass: 17:30 Uhr, Start: 18 Uhr;<br \/>\nDen Festivalpass f\u00fcr alle Veranstaltungen erhalten Sie unter <a href=\"http:\/\/www.anhalt-ticket.de\" target=\"_blank\">www.anhalt-ticket.de<\/a>)<\/a>\n<\/li>\n<\/ul>\n<p><\/p>\n<h1>Sonderveranstaltungen<\/h1>\n<h2>vor und nach den Triennale-Wochen<\/h2>\n<p><\/p>\n<p><strong>27.3 \u2013 30.6.2013<\/strong><\/p>\n<ul class=\"arrow\">\n<li><a href=\"http:\/\/www.triennale-der-moderne.de\/2013\/\/dessau\/veranstaltungsorte\/bauhaus-in-kalkutta\/\" title=\"Bauhaus in Kalkutta\">Ausstellung \u201eDas Bauhaus in Kalkutta\u201c;  Veranstalter: Stiftung Bauhaus Dessau, Ort: Bauhausgeb\u00e4ude, Gropiusallee 38<\/a><\/li>\n<\/ul>\n<p><strong>27.6 \u2013 13.11.2013<\/strong><\/p>\n<ul class=\"arrow\">\n<li><a href=\"http:\/\/www.triennale-der-moderne.de\/2013\/\/dessau\/veranstaltungsorte\/vom-bauhaus-nach-palestina\/\" title=\"Vom Bauhaus nach Palestina\">Ausstellung \u201eVom Bauhaus nach Pal\u00e4stina: Chanan Frenkel, Ricarda und Heinz Schwerin; Haus Klee\/Haus Kandinsky; Veranstalter: Stiftung Bauhaus Dessau, Ort: Haus Klee\/Haus Kandinsky, Ebertallee 65\/67, 06844 Dessau; \u00d6ffnungszeiten: Di\u2013So, 10\u201317 Uhr<\/a><\/li>\n<\/ul>\n<p><strong>6.9 + 7.9.2013<\/strong><\/p>\n<ul class=\"arrow\">\n<li><a href=\"http:\/\/www.triennale-der-moderne.de\/2013\/\/dessau\/veranstaltungsorte\/bauhaus-farbfest\/\" title=\"Bauhaus Farbfest\">Veranstaltung \u201e16. Bauhausfest\/Farbfest\u201c; Veranstalter: Stiftung Bauhaus<br \/>\nDessau Ort: Bauhausgeb\u00e4ude, Gropiusallee 38<\/a>\n<\/li>\n<\/ul>\n<p><strong>7.10.2013<\/strong><\/p>\n<ul class=\"arrow\">\n<li>16 Uhr: Er\u00f6ffnung Besucherzentrum; Gru\u00dfwort OB Klemens Koschig, Stadt Dessau-Ro\u00dflau; BMVBS \/ BBSR;<br \/>\nDr. Klaus Klang (Staatssekret\u00e4r  Ministerium f\u00fcr Landesentwicklung und Verkehr LSA); Michael Kretschmer (stellvertretender Fraktionsvorsitzender CDU\/CSU); Philipp Oswalt, Direktor SBD. Anschlie\u00dfend ab 18 Uhr: Vortragsprogramm, u. a. mit Lars M\u00f8rch Finborud (\u201eDie Norwegerin Marianne Brandt\u201c); Ort: Aula im Bauhausgeb\u00e4ude, Gropiusallee 38, 06844 Dessau<\/li>\n<\/ul>\n<p><strong>10.10. \u2013 15.11 2013<\/strong><\/p>\n<ul class=\"arrow\">\n<li><a href=\"http:\/\/www.triennale-der-moderne.de\/2013\/dessau\/veranstaltungsorte\/ernst-neufert-leben-und-werk\/\" title=\"Ernst Neufert \u2013 Leben und Werk\">Ausstellung \u201eErnst Neufert\u201c; Vernissage: Do, 10.10. 2013; Vortragsprogramm ab 14:00&nbsp;Uhr; Einf\u00fchrung und Er\u00f6ffnung der Ausstellung: 17:00&nbsp;Uhr; Veranstaltungsort: Hochschule Anhalt, Campus Dessau, Geb.&nbsp;04, Bill-Haus, Seminarplatz&nbsp;2a, 06846&nbsp;Dessau, Foyer<\/a><\/li>\n<\/ul>\n<p><strong>ganzj\u00e4hrig, jeweils Di &#8211; Do, Sa, So.: 10 \u2013 17 Uhr<\/strong><\/p>\n<ul class=\"arrow\">\n<li><a href=\"http:\/\/www.triennale-der-moderne.de\/2013\/dessau\/veranstaltungsorte\/ausstellung-schauplatz-vernunftiger-menschen\/\" title=\"Ausstellung \u201cSchauplatz vern\u00fcnftiger Menschen\u201d\">Dauerausstellung \u201eSchauplatz vern\u00fcnftiger Menschen. Kultur und Geschichte in Anhalt|Dessau\u201c<br \/>\nOrt: Museum f\u00fcr Stadtgeschichte Dessau im Johannbau, T\u00f6rtener Str. 44<\/a><\/li>\n<\/ul>\n","protected":false},"excerpt":{"rendered":"<p>3. Triennale-Wochenende Freitag, 11.10. &#8211; Sonntag, 13.10.2013 Do 10.10.2013 14 Uhr: \u201eErnst Neufert. Leben und Werk des Architekten. 1900 \u2013 1986\u201c; Symposium mit Gernot Weckherlin, Prof. Johannes Kister, Patricia Merkel, Udo Gleim u. a.; Ort: Foyer, Geb\u00e4ude 04 Bill-Haus, Seminarplatz 2a 17 Uhr: Vernissage der Ausstellung \u201eErnst Neufert\u201c, Vortrag Prof. Dr. Werner Durth, TU Darmstadt [&hellip;]<\/p>\n","protected":false},"author":1,"featured_media":0,"parent":7,"menu_order":11,"comment_status":"open","ping_status":"open","template":"","meta":{"_acf_changed":false,"footnotes":""},"class_list":["post-36","page","type-page","status-publish","hentry"],"acf":[],"_links":{"self":[{"href":"https:\/\/www.triennale-der-moderne.de\/2013\/wp-json\/wp\/v2\/pages\/36"}],"collection":[{"href":"https:\/\/www.triennale-der-moderne.de\/2013\/wp-json\/wp\/v2\/pages"}],"about":[{"href":"https:\/\/www.triennale-der-moderne.de\/2013\/wp-json\/wp\/v2\/types\/page"}],"author":[{"embeddable":true,"href":"https:\/\/www.triennale-der-moderne.de\/2013\/wp-json\/wp\/v2\/users\/1"}],"replies":[{"embeddable":true,"href":"https:\/\/www.triennale-der-moderne.de\/2013\/wp-json\/wp\/v2\/comments?post=36"}],"version-history":[{"count":0,"href":"https:\/\/www.triennale-der-moderne.de\/2013\/wp-json\/wp\/v2\/pages\/36\/revisions"}],"up":[{"embeddable":true,"href":"https:\/\/www.triennale-der-moderne.de\/2013\/wp-json\/wp\/v2\/pages\/7"}],"wp:attachment":[{"href":"https:\/\/www.triennale-der-moderne.de\/2013\/wp-json\/wp\/v2\/media?parent=36"}],"curies":[{"name":"wp","href":"https:\/\/api.w.org\/{rel}","templated":true}]}}