{"id":24,"date":"2013-05-04T10:07:09","date_gmt":"2013-05-04T08:07:09","guid":{"rendered":"http:\/\/www.triennale-der-moderne.de\/\/?page_id=24"},"modified":"2025-02-10T16:44:55","modified_gmt":"2025-02-10T15:44:55","slug":"triennale-wochenende-i","status":"publish","type":"page","link":"\/2019\/triennale-wochenende-i\/","title":{"rendered":"3. Triennale-Wochenende (Berlin 2019)"},"content":{"rendered":"<h2>AUFTAKTVERANSTALTUNG<\/h2>\n<h1>Freitag, 11.10. ab 17 Uhr \u00b7 Architektenkammer Berlin<\/h1>\n<p>Veranstaltungsort: Architektenkammer Berlin, Alte Jakobstra\u00dfe 149, 5. OG, 10969 Berlin.<br \/>\nDie <a href=\"http:\/\/triennale-der-moderne.de\/auftaktveranstaltung-triennale-der-moderne-berlin\/\">Auftaktveranstaltung<\/a> gibt den offziellen Startschuss f\u00fcr einen Gro\u00dfteil der im Rahmen der Triennale der Moderne in Berlin stattfindenden Veranstaltungen.<br \/>\nEintritt frei. Begrenzte Platzzahl.<br \/>\nVeranstalter: Architektenkammer Berlin, Landesdenkmalamt Berlin, Bauhaus-Archiv \/ Museum f\u00fcr Gestaltung<br \/>\nAnmeldung erforderlich: triennale@senstadtum.berlin.de<\/p>\n<p><strong>17 \u2013 19 Uhr<\/strong><\/p>\n<ul>\n<li>Ansprache: Christine Edmaier (Pr\u00e4sidentin der Architektenkammer Berlin)<\/li>\n<li>Dr. Annemarie Jaeggi (Direktorin des Bauhaus- Archiv Berlin): \u201eWalter Gropius in Berlin.\u201d<\/li>\n<li>Prof. Dr. J\u00f6rg Haspel (Landeskonservator und Direktor des Landesdenkmalamt Berlin): \u201eKonservieren \u2013 Restaurieren \u2013 Revitalisieren. Das architektonische Erbe von Walter Gropius.\u201d<\/li>\n<li>Katrin Lesser (Freie Landschaftsarchitektin): \u201eFreir\u00e4ume im UNESCO-Welterbe &#8218;Siedlungen der Berliner Moderne\u2018\u201c<\/li>\n<\/ul>\n<p><strong>19.30 Uhr<\/strong><\/p>\n<ul>\n<li>Filmvorf\u00fchrung \u201eBauhaus \u2013 Modell und Mythos\u201c Eintritt frei. Begrenzte Platzzahl. Anmeldung nicht erforderlich. Raum\/Adresse wie oben.<\/li>\n<\/ul>\n<p>&nbsp;<\/p>\n<h2>ARCHITEKTURBESICHTIGUNGEN<\/h2>\n<p>Entdecken Sie \u00fcber gef\u00fchrte Exkursionen die Freir\u00e4ume von Siedlungen aus der Zeit der Moderne in Berlin.<\/p>\n<ul>\n<li><strong>Haselhorst \/ Ringsiedlung \/ Charlottenburg Nord<\/strong><br \/>\n(F\u00fchrung\/Exkursion \u2013Transfer mit \u00f6ffentlichem Nahverkehr) Treffpunkt: Museumswohnung Haselhorst, Burscheider Weg 21, 13559 Berlin<br \/>\nTeilnahmebeitrag: kostenlos<br \/>\nTermin: Sa, 8.10., 13 \u2013 17 Uhr<br \/>\nVeranstalter: Gewobag Wohnungsbau-Aktiengesellschaft in Kooperation mit der Deutschen Wohnen AG,<br \/>\nMichael Bienert und Thomas M. Kr\u00fcger (Ticket B) Anmeldung: Tel. 030-47081541, j.kuehnold@gewobag.de<\/li>\n<li><strong><a href=\"\/bus-rundfahrt-zu-den-6-unesco-welterbesiedlungen\/\">Die sechs UNESCO-Welterbesiedlungen der Moderne<\/a><\/strong> (Busrundfahrt)<br \/>\nTreffpunkt: Hbf. Washingtonplatz, Busparkplatz vor dem Hotel Steigenberger<br \/>\nTeilnahmebeitrag: 30 \u20ac p. P., inkl. Busfahrt\/F\u00fchrungen\/Getr\u00e4nk\/belegten Br\u00f6tchen<br \/>\nTermin: So, 9.10., 9 \u2013 19 Uhr<br \/>\nVeranstalter: Landesdenkmalamt Berlin mit Ticket B &#8211; Architektur erleben, in Kooperation mit der Deutschen Wohnen AG und der Berliner Bau- und Wohnungsgenossenschaft eG 1892<\/li>\n<li><strong><a href=\"\/tautes-heim\/\">Hufeisensiedlung + Tautes Heim<\/a><\/strong> (F\u00fchrung)<br \/>\nF\u00fchrung durch das UNESCO-Welterbe Hufeisensiedlung und Besichtigung des mietbaren Museums \u201eTautes Heim\u201c.<br \/>\nTreffpunkt: Treppe vorm Hufeisen, Fritz-Reuter-Allee 44 (Na\u0308he U-Bhf. Parchimer Allee oder Blaschkoallee)<br \/>\nTeilnahmebeitrag: 10 \u20ac p. P.<br \/>\nTermin: So, 9.10., 15 \u2013 17 Uhr<br \/>\nVeranstalter: Katrin Lesser und Ben Buschfeld (Eigent\u00fcmer) Anmeldung: info@tautes-heim.de<\/li>\n<li><strong>Gropiusstadt und Walter-Gropius-Schule<\/strong> (F\u00fchrung)<br \/>\n1962\u201375 entstand im S\u00fcdwesten Berlins eine Gro\u00dfsiedlung nach den Pl\u00e4nen von Walter Gropius und seinem B\u00fcro TAC, darunter auch die Walter-Gropius- Schule, Deutschlands erste Ganztags-Gesamtschule. Treffpunkt: Eingang, Fritz-Erler-Allee 86-96, 12351 Berlin<br \/>\nTeilnahmebeitrag: 20 \u20ac p. P.<br \/>\nTermin: Sa, 8.10., 14 \u2013 15.30 Uhr<br \/>\nVeranstalter: Bauhaus-Archiv Berlin und art:berlin<\/li>\n<li><strong>Wohnstadt Carl Legien<\/strong> (F\u00fchrung)<br \/>\nTreffpunkt: Hauptportal S-Bhf. Prenzlauer Allee Teilnahmebeitrag: 20 \u20ac p. P.<br \/>\nTermin: So, 9.10., 11 \u2013 12.30 Uhr<br \/>\nVeranstalter: Bauhaus-Archiv Berlin und art:berlin<\/li>\n<li><strong>bauhaus_werkstat<\/strong>t (F\u00fchrung)<br \/>\nDas Bauhaus-Archiv 1979 \u2013 2016 \u2013 Ann\u00e4herung an ein Architekturdenkmal.<br \/>\nTreffpunkt: Bauhaus-Archiv, Klingelh\u00f6ferstr. 14<br \/>\nTeilnahmebeitrag: 5 \u20ac \/ Mitglieder 4,50 \u20ac Termin: So, 9.10., 15 \u2013 16 Uhr, Anmeldung unter: <a href=\"mailto:info@artberlin-online.de\">info@artberlin-online.de<\/a> oder 030\/28096390.<br \/>\nVeranstalter: Bauhaus-Archiv Berlin<\/li>\n<\/ul>\n<p>&nbsp;<\/p>\n<h2>SYMPOSIUM UND VORTR\u00c4GE<\/h2>\n<p>&nbsp;<\/p>\n<ul>\n<li><a href=\"\/symposium-walter-gropius-in-berlin\/\"><strong>Walter Gropius in Berlin<\/strong><\/a> (Symposium)<br \/>\nWalter Gropius (1883\u20131969) hat in Etappen in Berlin gearbeitet \u2013 von 1908 bis zu seinem Ruf an das Bauhaus Weimar 1919, nach seinem Weggang aus dem Bauhaus Dessau 1926 sowie nach 1945. In Berlin sind 14 seiner Bauten bekannt. Facetten seines Berliner Schaffens werden im Symposium vorgestellt. Treffpunkt: Vortragssaal im Kulturforum, Matth\u00e4ikirchplatz, 10785 Berlin<br \/>\nTeilnahmebeitrag: kostenlos<br \/>\nTermin: Do, 6.10., 14 \u2013 18.30 Uhr<br \/>\nVeranstalter: Kunstbibliothek-Staatliche Museen zu Berlin<\/li>\n<li><strong>ab 19 Uhr<\/strong> F\u00fchrung durch die Ausstellung <strong><a href=\"\/busoni-freiheit-fuer-die-tonkunst\/\">\u201eBusoni. Freiheit f\u00fcr die Tonkunst!\u201c<\/a><\/strong> im Ausstellungsraum der Kunstbibliothek\/Kulturforum, anschlie\u00dfend kleiner Empfang<\/li>\n<li><strong>Das Bauhaus und seine j\u00fcdischen Lehrer und Studierenden<\/strong> (Werkstatt-Treffen mit Kurzvortr\u00e4gen)Das Bauhaus war eines der &#8222;meistgenannten Feindbilder der der NS-Kulturpolitik\u201c (Winfried Nerdinger) und die meisten j\u00fcdischen wie kommunistischen Bauh\u00e4usler mussten nach 1933 emigrieren. Doch was hatte es mit der angeblich j\u00fcdischen Infiltration des Bauhauses wirklich auf sich? Auf der Werkstatt-Veranstaltung werden Wissenschaftler, Kunsthistoriker und Experten mit Kurzvortr\u00e4gen, biographischen Berichten etc. dieses Thema beleuchten und mit den Teilnehmern diskutieren.Treffpunkt: Wilhelmsaue 118 a,, 10715 Berlin<br \/>\nTeilnahmebeitrag: kostenlos &#8211; Spende willkommen<br \/>\nTermin: Sa, 18.11., 16 Uhr <strong>(Achtung: Termin wurde vom 8.10. verschoben)<\/strong><br \/>\nVeranstalter: Gesellschaft zur Erforschung des Lebens und Wirkens deutschsprachiger j\u00fcdischer Architekten e.V. Anmeldung unter <a href=\"mailto:guenter.schlusche@web.de\">guenter.schlusche@web.de<\/a><\/li>\n<\/ul>\n<p>&nbsp;<\/p>\n<h2>PR\u00c4SENTATIONEN UND EVENTS<\/h2>\n<p>&nbsp;<\/p>\n<ul>\n<li><strong><a href=\"\/buchpraesentation-bruno-tauts-hufeisensiedlung\/\">Bruno Tauts Hufeisensiedlung<\/a> und die UNESCO-Welterbesiedlungen der Berliner Moderne<br \/>\n<\/strong>Buchpr\u00e4sentation, Bildvortrag und Gespr\u00e4ch anl\u00e4\u00dflich von 90 Jahren Erstbezug und aktuellen Themen Treffpunkt: Buchhandlung B\u00fccherbogen am Savignyplatz, Berlin-Charlottenburg Teilnahmebeitrag: kostenlos<br \/>\nTermin: Mi, 5.10., 19 \u2013 20.30 Uhr<br \/>\nVeranstalter: B\u00fccherbogen in Kooperation mit Ben Buschfeld und Deutscher Werkbund Berlin<\/li>\n<li><strong>\u201eDie Fassade der neuen Zeit macht mich unsicher.\u201c Joseph Roth. Moderne Architektur, Literatur und Musik um 1930<\/strong><br \/>\n(Lesung, Gespr\u00e4ch und Konzert)<br \/>\nTreffpunkt: Infostation Siemensstadt, Goebelstr. 2\u201310, 13627 Berlin<br \/>\nTeilnahmebeitrag: kostenlos<br \/>\nTermin: Sa, 8.10., 19.30 \u2013 21.30 Uhr<br \/>\nVeranstalter: Ticket B \u2013 Architektur erleben<br \/>\nUnterst\u00fctzt von der Deutschen Wohnen AG<\/li>\n<\/ul>\n<p>&nbsp;<\/p>\n<h2>FAMILIEN, KINDER UND JUGENDLICHE<\/h2>\n<p>&nbsp;<\/p>\n<ul>\n<li><strong>\u201eBauhaus Satellit\u201c<\/strong> (Vernissage und Ausstellung) Ergebnisse und Modelle eines \u201ebauhaus re use\u201c \u2013 Entwurfsworkshops mit Sch\u00fclerInnen der marcel-breuer-schule Berlin<br \/>\nTreffpunkt: \u201ebauhaus re use\u201c am Bauhaus-Archiv Berlin, Klingelh\u00f6ferstra\u00dfe 14, 10785 Berlin<br \/>\nTeilnahmebeitrag: kostenlos<br \/>\nTermin: Mi, 5.10., 17 Uhr<br \/>\nVeranstalter: marcel-breuer-schule Berlin, zukunftsgeraeusche GbR, Bauhaus-Archiv \/ Museum f\u00fcr Gestaltung<\/li>\n<li><strong>bauhaus_werkstatt<\/strong><br \/>\nkostenfreies Angebot f\u00fcr Kinder, Jugendliche und Erwachsene, sich mit Architektur und Design praktisch zu besch\u00e4ftigen.<br \/>\nTreffpunkt: Bauhaus-Archiv, Klingelh\u00f6ferstr. 14<br \/>\nTeilnahmebeitrag: kostenlos<br \/>\nTermin: Sa, 8.10., 11 \u2013 14 Uhr<br \/>\nVeranstalter: Bauhaus-Archiv Berlin<\/li>\n<li><strong>bauhaus_f\u00fchrung<\/strong> (F\u00fchrung)<br \/>\nF\u00fchrung durch die Sammlung Bauhaus und die Sonderausstellung<br \/>\nTreffpunkt: Bauhaus-Archiv, Klingelh\u00f6ferstr. 14<br \/>\nTeilnahmebeitrag: kostenlos zzgl. Eintritt<br \/>\nTermin: So, 9.10., 14 \u2013 15 Uhr<br \/>\nVeranstalter: Bauhaus-Archiv Berlin<\/li>\n<\/ul>\n<p>&nbsp;<\/p>\n<h2>SPEZIELLE ANGEBOTE<\/h2>\n<p>&nbsp;<\/p>\n<ul>\n<li><strong>App \u201eGropius to Go\u201c<\/strong><br \/>\nAllein in Berlin gibt es mehr als ein Dutzend Bau- und Kunstwerke von Walter Gropius (1883\u20131969). Sie entstanden in den Jahren der Weimarer Republik und nach dem Zweiten Weltkrieg. Nirgendwo hinterlie\u00df der weltbekannte Architekt ein breiteres Spektrum seines Oeuvres als in seiner Heimatstadt \u2013 seine Entw\u00fcrfe waren gepr\u00e4gt von Expressionismus, Neuer Sachlichkeit, Klassischer Moderne und Nachkriegsfunktionalismus. Einige seiner Bauten in Alfeld, Weimar, Dessau und Berlin stehen sogar auf der UNESCO-Welterbeliste. Mit dieser App wurde erstmals ein digitaler Gropius-Stadtf\u00fchrer fu\u0308r die Westentasche entwickelt. Bilder, Adressen, fachkundige Kurzbeschreibungen sowie aufbereitete Touren durch die Siedlungen erschlie\u00dfen Interessierten den Zugang zu Bauten und Objekten von Walter Gropius in Berlin. Ab Oktober 2016 ist die kostenfreie Gropius-App f\u00fcr alle Ger\u00e4te mit iOS oder Android im App Store erh\u00e4ltlich.<br \/>\n(Ein Serviceangebot des Landesdenkmalamt Berlin)<\/li>\n<\/ul>\n<p>&nbsp;<\/p>\n<p>&nbsp;<\/p>\n","protected":false},"excerpt":{"rendered":"<p>AUFTAKTVERANSTALTUNG Freitag, 11.10. ab 17 Uhr \u00b7 Architektenkammer Berlin Veranstaltungsort: Architektenkammer Berlin, Alte Jakobstra\u00dfe 149, 5. OG, 10969 Berlin. Die Auftaktveranstaltung gibt den offziellen Startschuss f\u00fcr einen Gro\u00dfteil der im Rahmen der Triennale der Moderne in Berlin stattfindenden Veranstaltungen. Eintritt frei. Begrenzte Platzzahl. Veranstalter: Architektenkammer Berlin, Landesdenkmalamt Berlin, Bauhaus-Archiv \/ Museum f\u00fcr Gestaltung Anmeldung erforderlich: [&hellip;]<\/p>\n","protected":false},"author":2,"featured_media":0,"parent":0,"menu_order":0,"comment_status":"open","ping_status":"closed","template":"","meta":{"_acf_changed":false,"footnotes":""},"class_list":["post-24","page","type-page","status-publish","hentry"],"acf":[],"_links":{"self":[{"href":"https:\/\/www.triennale-der-moderne.de\/2019\/wp-json\/wp\/v2\/pages\/24"}],"collection":[{"href":"https:\/\/www.triennale-der-moderne.de\/2019\/wp-json\/wp\/v2\/pages"}],"about":[{"href":"https:\/\/www.triennale-der-moderne.de\/2019\/wp-json\/wp\/v2\/types\/page"}],"author":[{"embeddable":true,"href":"https:\/\/www.triennale-der-moderne.de\/2019\/wp-json\/wp\/v2\/users\/2"}],"replies":[{"embeddable":true,"href":"https:\/\/www.triennale-der-moderne.de\/2019\/wp-json\/wp\/v2\/comments?post=24"}],"version-history":[{"count":2,"href":"https:\/\/www.triennale-der-moderne.de\/2019\/wp-json\/wp\/v2\/pages\/24\/revisions"}],"predecessor-version":[{"id":4289,"href":"https:\/\/www.triennale-der-moderne.de\/2019\/wp-json\/wp\/v2\/pages\/24\/revisions\/4289"}],"wp:attachment":[{"href":"https:\/\/www.triennale-der-moderne.de\/2019\/wp-json\/wp\/v2\/media?parent=24"}],"curies":[{"name":"wp","href":"https:\/\/api.w.org\/{rel}","templated":true}]}}