{"id":234,"date":"2022-01-14T15:41:55","date_gmt":"2022-01-14T14:41:55","guid":{"rendered":"\/2022\/?page_id=234"},"modified":"2022-03-16T11:17:15","modified_gmt":"2022-03-16T10:17:15","slug":"fagus-werk-alfeld","status":"publish","type":"page","link":"\/2022\/partnerstaedte-de\/fagus-werk-alfeld\/","title":{"rendered":"DE-Partnerst\u00e4tte Fagus-Werk, Alfeld"},"content":{"rendered":"\n<h1 class=\"wp-block-heading\">Fagus-Werk, Alfeld<\/h1>\n\n\n\n<h2 class=\"wp-block-heading\">UNESCO-Welterbe der Moderne in Niedersachsen<\/h2>\n\n\n\n<h3 class=\"pb-2 wp-block-heading\">Die Triennale der Moderne will mittelfristig ein Netzwerk der deutschen Welterbest\u00e4tten der Moderne etablieren \u2014 <br>Ab 2022 als assoziierte Partner*in neu dabei ist das Fagus-Werk im nieders\u00e4chschichen Alfeld unweit von Hildesheim: <br>Das vom Architekten und Bauhaus-Gr\u00fcnder Walter Gropius errichtete Fabrikgeb\u00e4ude wurde 1911 erbaut und im Jahr 2011 als UNESCO-Weltkulturerbe ausgezeichnet. Es gilt weltweit als Ursprungsbau der Moderne.<\/h3>\n\n\n\n<figure class=\"wp-block-image size-large pb-3\"><img loading=\"lazy\" decoding=\"async\" width=\"1024\" height=\"682\" src=\"\/2022\/wp-content\/uploads\/sites\/8\/2022\/02\/Fagus-Werk_Frontansicht_1280x853px-1024x682.jpg\" alt=\"\" class=\"wp-image-815\" srcset=\"\/2022\/wp-content\/uploads\/sites\/8\/2022\/02\/Fagus-Werk_Frontansicht_1280x853px-1024x682.jpg 1024w, \/2022\/wp-content\/uploads\/sites\/8\/2022\/02\/Fagus-Werk_Frontansicht_1280x853px-600x400.jpg 600w, \/2022\/wp-content\/uploads\/sites\/8\/2022\/02\/Fagus-Werk_Frontansicht_1280x853px-375x250.jpg 375w, \/2022\/wp-content\/uploads\/sites\/8\/2022\/02\/Fagus-Werk_Frontansicht_1280x853px-768x512.jpg 768w, \/2022\/wp-content\/uploads\/sites\/8\/2022\/02\/Fagus-Werk_Frontansicht_1280x853px.jpg 1280w\" sizes=\"(max-width: 1024px) 100vw, 1024px\" \/><figcaption>UNESCO-Welterbe Fagus-Werk in Alfeld, Entwurf Walter Gropius, 1911; Foto: Hans P. Szyszka<\/figcaption><\/figure>\n\n\n\n<h1 class=\"pb-2 wp-block-heading\">Architektur und Angebote<\/h1>\n\n\n\n<div class=\"wp-block-columns is-layout-flex wp-container-core-columns-is-layout-1 wp-block-columns-is-layout-flex\">\n<div class=\"wp-block-column is-layout-flow wp-block-column-is-layout-flow\" style=\"flex-basis:66.66%\">\n<p>Die Architektur des Fagus-Werks ber\u00fccksichtigte erstmals die Bed\u00fcrfnisse nach Licht, Luft und Klarheit. Die Konstruktion aus Glas und Stahl sowie den st\u00fctzenlosen, vollst\u00e4ndig verglasten Ecken verleihen dem Geb\u00e4ude eine schwerelose Eleganz, die f\u00fcr Fabriken in der damaligen Zeit au\u00dfergew\u00f6hnlich war. Mit einer herausragenden Stahl-Glas-Architektur gelang es dem Architekten, einem mittelst\u00e4ndischen Betrieb ein v\u00f6llig ungewohntes, vom Traditionellen abweichendes, neues Erscheinungsbild zu geben. <\/p>\n\n\n\n<p>Seit \u00fcber 100 Jahren werden in diesem lebenden Denkmal Fagus-Schuhleisten produziert. Diese Fertigung wird heute durch Messtechnik- und Brandschutzsysteme im Unternehmensbereich GreCon erg\u00e4nzt. Spannende Informationen rund um das lebende Denkmal erwarten die Besucher in der Fagus-Gropius-Ausstellung im ehemaligen Lagerhaus f\u00fcr Schuhleisten. Die erlebnisreiche Ausstellung informiert auf einer Fl\u00e4che von 3.000 qm \u00fcber die Firmengeschichte, die Architektur und die Restaurierung des Werks sowie \u00fcber die Schuhmodetrends eines Jahrhunderts. <\/p>\n\n\n\n<p>Im UNESCO-Besucherzentrum im historischen Sp\u00e4nehaus k\u00f6nnen weitere nationale und internationale Welterbest\u00e4tten entdeckt werden. Werksf\u00fchrungen bieten erlebnisreiche Einblicke hinter die Kulissen des Welterbes, in die Produktion. Die Fagus-Galerie l\u00e4dt zu abwechslungsreichen Sonderausstellungen ein.<\/p>\n\n\n\n<p>Weitere Infos und Programmangebote:<\/p>\n\n\n\n<ul class=\"wp-block-list\"><li><a rel=\"noreferrer noopener\" href=\"https:\/\/www.fagus-werk.com\" target=\"_blank\">www.fagus-werk.com<\/a><\/li><\/ul>\n<\/div>\n\n\n\n<div class=\"wp-block-column is-layout-flow wp-block-column-is-layout-flow\" style=\"flex-basis:33.33%\">\n<h1 class=\"pb-1 wp-block-heading\">Ansprechpartnerin<\/h1>\n\n\n\n<p class=\"pb-3\">Nadine Gebauer <br>Marketingreferentin Weltkulturerbe<br>UNESCO-Welterbe Fagus-Werk<br>Tel : +49 (0)5181-79-487<\/p>\n\n\n\n<h1 class=\"pb-1 wp-block-heading\">Social Media<\/h1>\n\n\n\n<ul class=\"wp-block-list\"><li><a rel=\"noreferrer noopener\" href=\"http:\/\/www.facebook.com\/faguswerk\" target=\"_blank\">www.facebook.com\/faguswerk<\/a><\/li><li><a href=\"http:\/\/www.instagram.com\/xxx\">www.instagram.com\/fagus_werk<\/a><\/li><li><a rel=\"noreferrer noopener\" href=\"http:\/\/www.youtube.com\/xxx\" target=\"_blank\">www.youtube.com\/&#8230;<\/a><\/li><\/ul>\n<\/div>\n<\/div>\n","protected":false},"excerpt":{"rendered":"<p>UNESCO-Weltkulturerbe Fagus-Werk in Alfeld, Entwurf: Walter Gropius, 1911; Frontalansicht; Foto: Hans P. Szyszka<\/p>\n","protected":false},"author":2,"featured_media":236,"parent":462,"menu_order":2,"comment_status":"closed","ping_status":"closed","template":"","meta":{"_acf_changed":false,"footnotes":""},"class_list":["post-234","page","type-page","status-publish","has-post-thumbnail","hentry"],"acf":[],"_links":{"self":[{"href":"https:\/\/www.triennale-der-moderne.de\/2022\/wp-json\/wp\/v2\/pages\/234"}],"collection":[{"href":"https:\/\/www.triennale-der-moderne.de\/2022\/wp-json\/wp\/v2\/pages"}],"about":[{"href":"https:\/\/www.triennale-der-moderne.de\/2022\/wp-json\/wp\/v2\/types\/page"}],"author":[{"embeddable":true,"href":"https:\/\/www.triennale-der-moderne.de\/2022\/wp-json\/wp\/v2\/users\/2"}],"replies":[{"embeddable":true,"href":"https:\/\/www.triennale-der-moderne.de\/2022\/wp-json\/wp\/v2\/comments?post=234"}],"version-history":[{"count":123,"href":"https:\/\/www.triennale-der-moderne.de\/2022\/wp-json\/wp\/v2\/pages\/234\/revisions"}],"predecessor-version":[{"id":1945,"href":"https:\/\/www.triennale-der-moderne.de\/2022\/wp-json\/wp\/v2\/pages\/234\/revisions\/1945"}],"up":[{"embeddable":true,"href":"https:\/\/www.triennale-der-moderne.de\/2022\/wp-json\/wp\/v2\/pages\/462"}],"wp:featuredmedia":[{"embeddable":true,"href":"https:\/\/www.triennale-der-moderne.de\/2022\/wp-json\/wp\/v2\/media\/236"}],"wp:attachment":[{"href":"https:\/\/www.triennale-der-moderne.de\/2022\/wp-json\/wp\/v2\/media?parent=234"}],"curies":[{"name":"wp","href":"https:\/\/api.w.org\/{rel}","templated":true}]}}