{"id":566,"date":"2022-02-16T12:42:37","date_gmt":"2022-02-16T11:42:37","guid":{"rendered":"\/2022\/?page_id=566"},"modified":"2022-03-16T11:17:52","modified_gmt":"2022-03-16T10:17:52","slug":"neues-frankfurt","status":"publish","type":"page","link":"\/2022\/partnerstaedte-de\/neues-frankfurt\/","title":{"rendered":"DE-Partnerst\u00e4tte Neues Frankfurt"},"content":{"rendered":"\n<h1 class=\"wp-block-heading\">Neues Frankfurt<\/h1>\n\n\n\n<h2 class=\"wp-block-heading\">Vorgeschlagen als UNESCO-Welterbe<\/h2>\n\n\n\n<h3 class=\"pb-2 wp-block-heading\">Die Triennale der Moderne will mittelfristig ein Netzwerk der deutschen Welterbest\u00e4tten der Moderne etablieren \u2014 Ab 2022 als assoziierte Partner*in neu dabei ist Frankfurt am Main mit seinem laufenden Vorschlag an die UNESCO: In den 1920er Jahren wurde hier ein beispielloses Stadtgestaltungsprogramm umgesetzt, das als Neues Frankfurt in die Geschichte einging. Unter dem damaligen Oberb\u00fcrgermeister Ludwig Landmann und dem Stadtbaurat Ernst May nahm die Moderne am Main Gestalt an.<\/h3>\n\n\n\n<figure class=\"wp-block-image size-large pb-3\"><img loading=\"lazy\" decoding=\"async\" width=\"1024\" height=\"683\" src=\"\/2022\/wp-content\/uploads\/sites\/8\/2022\/02\/Roemerstadt_PhilippMeuser_1680px-1024x683.jpg\" alt=\"Frankfurt; Luftbild der R\u00f6merstadt\" class=\"wp-image-1248\" srcset=\"\/2022\/wp-content\/uploads\/sites\/8\/2022\/02\/Roemerstadt_PhilippMeuser_1680px-1024x683.jpg 1024w, \/2022\/wp-content\/uploads\/sites\/8\/2022\/02\/Roemerstadt_PhilippMeuser_1680px-600x400.jpg 600w, \/2022\/wp-content\/uploads\/sites\/8\/2022\/02\/Roemerstadt_PhilippMeuser_1680px-375x250.jpg 375w, \/2022\/wp-content\/uploads\/sites\/8\/2022\/02\/Roemerstadt_PhilippMeuser_1680px-768x512.jpg 768w, \/2022\/wp-content\/uploads\/sites\/8\/2022\/02\/Roemerstadt_PhilippMeuser_1680px-1536x1024.jpg 1536w, \/2022\/wp-content\/uploads\/sites\/8\/2022\/02\/Roemerstadt_PhilippMeuser_1680px.jpg 1680w\" sizes=\"(max-width: 1024px) 100vw, 1024px\" \/><figcaption>R\u00f6merstadt in Frankfurt am Main, Foto: Philip Meuser<\/figcaption><\/figure>\n\n\n\n<p> <\/p>\n\n\n\n<h1 class=\"pb-2 wp-block-heading\">Architektur und Angebote<\/h1>\n\n\n\n<div class=\"wp-block-columns is-layout-flex wp-container-core-columns-is-layout-1 wp-block-columns-is-layout-flex\">\n<div class=\"wp-block-column is-layout-flow wp-block-column-is-layout-flow\" style=\"flex-basis:66.66%\">\n<p>Das Ende des Ersten Weltkrieges leitete in Deutschland einen Neubeginn im gesellschaftlichen und politischen Leben ein, aber auch in der Kultur, der Architektur und im St\u00e4dtebau. Die Gro\u00dfst\u00e4dte erfuhren eine gewaltige Modernisierung. In Frankfurt ging damit eine umfassende Gro\u00dfstadtplanung einher: das Neue Frankfurt. Das Projekt umfasste neben Eingemeindungen und einem massiven Wohnungsbauprogramm die Neugr\u00fcndung der Messe, der Aufbau einer Kunstschule, die Inbetriebnahme des Flughafens sowie die Initiative f\u00fcr die Autobahn \u201eHaFraBa\u201c zwischen Hamburg, Frankfurt und Basel. Erm\u00f6glicht wurde dieses Programm vor allem durch Ludwig Landmann und war politisch gest\u00fctzt durch die DDP, die SPD und die Zentrumspartei.&nbsp;<\/p>\n\n\n\n<p>Das Wohnungsbauprogramm realisierten Ernst May und sein Team. Zwischen 1925 und 1930 errichteten sie mehr als 10.000 Wohnungen in acht Siedlungen. Ziel war die Errichtung von g\u00fcnstigem Wohnraum. Der st\u00e4dtebauliche Gesamtplan sah nicht wie bislang konzentrische Stadterweiterungen vor, sondern setze auf das Konzept \u201eStadterweiterung mittels Trabanten\u201c. Um ganz Frankfurt entstanden neue Siedlungen. Besonders ausgepr\u00e4gt ist das Trabantensystem entlang des Niddatals im Nordosten der Stadt. Hier wurden als Gartenst\u00e4dte die Siedlungen R\u00f6merstadt und H\u00f6henblick angelegt, welche die Stadt Frankfurt nun f\u00fcr das UNESCO-Weltkulturerbe vorschl\u00e4gt. <\/p>\n\n\n\n<p>In der R\u00f6merstadt k\u00f6nnen ein in den Zustand von 1927 r\u00fcckgebautes Reihenhaus mit Frankfurter K\u00fcche und Hausgarten sowie ein rekonstruierter Schrebergarten besucht werden.<\/p>\n\n\n\n<p>Weitere Infos und Programmangebote:<\/p>\n\n\n\n<ul class=\"wp-block-list\"><li><a href=\"http:\/\/www.forum-neues-frankfurt.de\/\">www.forum-neues-frankfurt.de<\/a><\/li><li><a href=\"http:\/\/www.dam-online.de\/\">www.dam-online.de<\/a><\/li><li><a href=\"http:\/\/www.ernst-may-gesellschaft.de\/\">www.ernst-may-gesellschaft.de<\/a><\/li><\/ul>\n<\/div>\n\n\n\n<div class=\"wp-block-column is-layout-flow wp-block-column-is-layout-flow\"><\/div>\n\n\n\n<div class=\"wp-block-column is-layout-flow wp-block-column-is-layout-flow\" style=\"flex-basis:33.33%\">\n<h1 class=\"pb-1 wp-block-heading\">Ansprechpartner*innen<\/h1>\n\n\n\n<p>Andrea J\u00fcrges, <br>Deutsches Architekturmuseum<br>Tel : +49 (0)69 21230837<\/p>\n\n\n\n<p class=\"pb-2\">Philipp Sturm, <br>ernst-may-gesellschaft e.V.<br>Tel : +49 69 15343883<\/p>\n\n\n\n<h1 class=\"wp-block-heading\">Social Media<\/h1>\n\n\n\n<ul class=\"wp-block-list\"><li><a href=\"http:\/\/www.instagram.com\/ernst_may_gesellschaft\/\">www.instagram.com\/ernst_may_gesellschaft<\/a><\/li><li><a href=\"http:\/\/www.facebook.com\/ernst.may.gesellschaft\">www.facebook.com\/ernst.may.gesellschaft<\/a><\/li><\/ul>\n<\/div>\n<\/div>\n\n\n\n<p><\/p>\n","protected":false},"excerpt":{"rendered":"<p>Welterbe-Vorschlag zum Neuen Bauen in Frankfurt am Main unter Stadtbaurat Ernst May<\/p>\n","protected":false},"author":2,"featured_media":1248,"parent":462,"menu_order":6,"comment_status":"closed","ping_status":"closed","template":"","meta":{"_acf_changed":false,"footnotes":""},"class_list":["post-566","page","type-page","status-publish","has-post-thumbnail","hentry"],"acf":[],"_links":{"self":[{"href":"https:\/\/www.triennale-der-moderne.de\/2022\/wp-json\/wp\/v2\/pages\/566"}],"collection":[{"href":"https:\/\/www.triennale-der-moderne.de\/2022\/wp-json\/wp\/v2\/pages"}],"about":[{"href":"https:\/\/www.triennale-der-moderne.de\/2022\/wp-json\/wp\/v2\/types\/page"}],"author":[{"embeddable":true,"href":"https:\/\/www.triennale-der-moderne.de\/2022\/wp-json\/wp\/v2\/users\/2"}],"replies":[{"embeddable":true,"href":"https:\/\/www.triennale-der-moderne.de\/2022\/wp-json\/wp\/v2\/comments?post=566"}],"version-history":[{"count":24,"href":"https:\/\/www.triennale-der-moderne.de\/2022\/wp-json\/wp\/v2\/pages\/566\/revisions"}],"predecessor-version":[{"id":1947,"href":"https:\/\/www.triennale-der-moderne.de\/2022\/wp-json\/wp\/v2\/pages\/566\/revisions\/1947"}],"up":[{"embeddable":true,"href":"https:\/\/www.triennale-der-moderne.de\/2022\/wp-json\/wp\/v2\/pages\/462"}],"wp:featuredmedia":[{"embeddable":true,"href":"https:\/\/www.triennale-der-moderne.de\/2022\/wp-json\/wp\/v2\/media\/1248"}],"wp:attachment":[{"href":"https:\/\/www.triennale-der-moderne.de\/2022\/wp-json\/wp\/v2\/media?parent=566"}],"curies":[{"name":"wp","href":"https:\/\/api.w.org\/{rel}","templated":true}]}}