{"id":11965,"date":"2026-04-27T12:25:42","date_gmt":"2026-04-27T10:25:42","guid":{"rendered":"\/2025\/?page_id=11965"},"modified":"2026-04-27T15:43:00","modified_gmt":"2026-04-27T13:43:00","slug":"etom-partners","status":"publish","type":"page","link":"\/2025\/etom-partners\/","title":{"rendered":"ETOM-Partners"},"content":{"rendered":"\n<h1 class=\"wp-block-heading\">Introducing ETOM \u2013 European Triennial of Modernism<\/h1>\n\n\n\n<h2 class=\"wp-block-heading\">Partners of the ETOM-Initiative and within the ETOM NEB Lab<\/h2>\n\n\n\n<h3 class=\"wp-block-heading pb-5\">The growing network involves already more than 40 partners from 15 countries, including around 10 official community members of the New European Bauhaus (NEB). The network puts an emphasis on Central Europe and cooperates on a heterogeneous and transsectoral background. The ETOM NEB Lab is a co-creation Lab on trans-European Modernism, to evolve and realize transnational cooperation, best-practice, research, and capacity building. The ETOM NEB Lab is an official Lab of the \u201cNew European Bauhaus\u201d (NEB) and the first NEB project on the topic of Modernism, founded in the framework of the \u201cETOM \u2013 European Triennial of Modernism\u201d.<\/h3>\n\n\n\n<div class=\"wp-block-columns is-layout-flex wp-container-core-columns-is-layout-1 wp-block-columns-is-layout-flex\">\n<div class=\"wp-block-column is-layout-flow wp-block-column-is-layout-flow\">\n<h1 class=\"wp-block-heading pb-3\">Founding-Partners, Coordination Board and Supporters<\/h1>\n\n\n\n<p><strong>Initiated by<\/strong><br>\u2022 BHROX bauhaus reuse \/ zukunftsgeraeusche GbR (zkg), Robert K. Huber, Berlin<br>\u2022 buschfeld.com \/ Ben Buschfeld (BB), Berlin<\/p>\n\n\n\n<p class=\"pb-1\"><strong>Members of the Coordination Group<\/strong><br>\u2022 BHROX bauhaus reuse \/ zukunftsgeraeusche GbR (zkg), Berlin<br>\u2022 buschfeld.com, Berlin<br>\u2022 The Hungarian Contemporary Architecture Centre (K\u00c9K), Budapest<br>\u2022 ICOMOS International Secretariat, Paris<br>\u2022 Estonian Academy of Arts \u2013 Institute of&nbsp;Art History and Visual Culture (EAA\u2013EKA), Tallinn<br>\u2022 Contineo 2020 (CONTINEO), Skopje<\/p>\n\n\n\n<p class=\"pb-1\"><strong>Development supported by<\/strong><br>\u2022 Landesdenkmalamt Berlin (LDA)<br>\u2022 Bundesministerium f\u00fcr Wohnen, Stadtentwicklung und Bauwesen (BMWSB)<\/p>\n\n\n\n<p class=\"pb-1\"><strong>German Partners<\/strong><br>\u2022 Landesdenkmalamt Berlin (LDA)<br>\u2022 Architektenkammer Berlin (AKB)<br>\u2022 Kunstbibliothek Berlin (KUBI)<br>\u2022 since 2025: Tschechisches Zentrum Berlin (TZB)<\/p>\n<\/div>\n\n\n\n<div class=\"wp-block-column is-layout-flow wp-block-column-is-layout-flow\">\n<h1 class=\"wp-block-heading pb-3\">European Partners A\u2013L <br>(by nation in alphabetical order)<\/h1>\n\n\n\n<p><strong>Czech<\/strong> <strong>Republic<\/strong><br>\u2022 National Gallery in Prague (NGP), Prague<br>\u2022 Forum for Architecture and Media (4 AM), Brno<br>\u2022 Prague 7 District Municipality (UMC7)<\/p>\n\n\n\n<p><strong>Estonia<\/strong><br>\u2022 Estonian Academy of Arts \u2013 Institute of <br>Art History and Visual Culture (EAA\u2013EKA), Tallinn<br>\u2022 Estonian Museum of Architecture (EMA), Tallinn<br>\u2022 Tallinna linn (COT), Tallinn City<\/p>\n\n\n\n<p><strong>France<\/strong><br>\u2022 ICOMOS International Secretariat, Paris<\/p>\n\n\n\n<p><strong>Hungary<\/strong><br>\u2022 Hungarian Museum of Architecture <br>(MEM-MDK), Budapest<br>\u2022 The Hungarian Contemporary<br>Architecture Centre (K\u00c9K), Budapest<br>\u2022 Budapest 13th&nbsp;District&nbsp;\u2013 city municipality (B13D)<\/p>\n\n\n\n<p><strong>Latvia<\/strong><br>\u2022 Museum of Decorative <br>Arts and Design (LNMM), Riga<br>\u2022 Latvian Design Centre (FOLD), Riga<br>\u2022 Latvian Ministry of Culture (LMOC)<\/p>\n\n\n\n<p><strong>Lithuania<\/strong><br>\u2022 Kaunas 2022 (K2022),<br>Kaunas European Capital of Culture<br>\u2022 Nematerialaus Turto Fondas (NTF)<br>\u2022 Kaunas City Municipal Administration (KCMA)<br>\u2022 Architects Association of Lithuania, Vilnius (LAS)<\/p>\n<\/div>\n\n\n\n<div class=\"wp-block-column is-layout-flow wp-block-column-is-layout-flow\">\n<h1 class=\"wp-block-heading pb-3\">European Partners N\u2013Z <br>(by nation in alphabetical order)<\/h1>\n\n\n\n<p><strong>Netherlands<\/strong><br>\u2022 <a href=\"\/2025\/european-triennial-of-modernism-etom\/docomomo-international\/\" data-type=\"page\" data-id=\"77\">DOCOMOMO international<\/a><\/p>\n\n\n\n<p><strong>North Macedonia<\/strong><br>\u2022 Contineo 2020 (CONTINEO), Skopje<br>\u2022 University American College Skopje \u2013 Priv<\/p>\n\n\n\n<p><strong>Poland<\/strong><br>\u2022 National Institute of Architecture and<br>Urban Planning (NIAiU), Warsaw<br>\u2022 Institut of Architecture Foundation (FIA), Cracow<br>\u2022 International Cultural Centre (ICC),&nbsp;Cracow<br>\u2022 Gmina Miejska Krak\u00f3w \u2013 Urz\u0105d Miasta Krakowa (CCK), Cracow<\/p>\n\n\n\n<p><strong>Romania<\/strong><br>\u2022 Asocia\u021bia Rom\u00e2n\u0103 pentru Cultur\u0103, <br>Educa\u021bie \u0219i Normalitate (ARCEN), Bucharest<br>\u2022 SG Studio \u2013 zeppelin magazine (SGS-ZEP), Bucharest<br>\u2022 Second District Hall of Bucharest&nbsp;(SDHB)<\/p>\n\n\n\n<p><strong>Serbia<\/strong><br>\u2022 Belgrade International Architecture Week (ABA-BINA), Belgrade<br>\u2022 ZAVOD \u2013 Zavod za zastitu spomenika kulture grada Beograda (Cultural Heritage Preservation Institute of Belgrade)<br>\u2022 Gradska opstina Novi Beograd, City Municipality (MNB), Belgrade<\/p>\n\n\n\n<p><strong>Slovakia<\/strong><br>\u2022 Slovak Design Center (SDC), Bratislava<\/p>\n\n\n\n<p><strong>Ukraine<\/strong><br>\u2022 Lviv Centre for Urban History, Lwiw (LCUH), Lviv<br>\u2022 Urban Forms Center (UFC), Kharkiv<\/p>\n<\/div>\n<\/div>\n","protected":false},"excerpt":{"rendered":"<p>Introducing ETOM \u2013 European Triennial of Modernism Partners of the ETOM-Initiative and within the ETOM NEB Lab The growing network involves already more than 40 partners from 15 countries, including around 10 official community members of the New European Bauhaus (NEB). The network puts an emphasis on Central Europe and cooperates on a heterogeneous and [&hellip;]<\/p>\n","protected":false},"author":2,"featured_media":11404,"parent":0,"menu_order":0,"comment_status":"closed","ping_status":"closed","template":"","meta":{"_acf_changed":false,"_seopress_robots_primary_cat":"","_seopress_titles_title":"European Triennial of Modernism \/ ETOM NEB Lab: Our Network","_seopress_titles_desc":"The ETOM NEB Lab is an official lab within the \"New European Bauhaus\". It consists of around 40 partner institutions from 15 different countries.","_seopress_robots_index":"","footnotes":""},"class_list":["post-11965","page","type-page","status-publish","has-post-thumbnail","hentry"],"acf":[],"_links":{"self":[{"href":"https:\/\/www.triennale-der-moderne.de\/2025\/wp-json\/wp\/v2\/pages\/11965"}],"collection":[{"href":"https:\/\/www.triennale-der-moderne.de\/2025\/wp-json\/wp\/v2\/pages"}],"about":[{"href":"https:\/\/www.triennale-der-moderne.de\/2025\/wp-json\/wp\/v2\/types\/page"}],"author":[{"embeddable":true,"href":"https:\/\/www.triennale-der-moderne.de\/2025\/wp-json\/wp\/v2\/users\/2"}],"replies":[{"embeddable":true,"href":"https:\/\/www.triennale-der-moderne.de\/2025\/wp-json\/wp\/v2\/comments?post=11965"}],"version-history":[{"count":11,"href":"https:\/\/www.triennale-der-moderne.de\/2025\/wp-json\/wp\/v2\/pages\/11965\/revisions"}],"predecessor-version":[{"id":12013,"href":"https:\/\/www.triennale-der-moderne.de\/2025\/wp-json\/wp\/v2\/pages\/11965\/revisions\/12013"}],"wp:featuredmedia":[{"embeddable":true,"href":"https:\/\/www.triennale-der-moderne.de\/2025\/wp-json\/wp\/v2\/media\/11404"}],"wp:attachment":[{"href":"https:\/\/www.triennale-der-moderne.de\/2025\/wp-json\/wp\/v2\/media?parent=11965"}],"curies":[{"name":"wp","href":"https:\/\/api.w.org\/{rel}","templated":true}]}}