{"id":44,"date":"2022-03-08T19:53:31","date_gmt":"2022-03-08T18:53:31","guid":{"rendered":"\/2025\/berliner-partnerinnen\/"},"modified":"2025-09-03T08:19:55","modified_gmt":"2025-09-03T06:19:55","slug":"berliner-partnerinnen","status":"publish","type":"page","link":"\/2025\/berliner-partnerinnen\/","title":{"rendered":"Berliner Partner*innen"},"content":{"rendered":"\n<h1 class=\"wp-block-heading has-text-align-left\">Partner*innen in Berlin<\/h1>\n\n\n\n<h2 class=\"wp-block-heading\">beteiligte Personen und Institutionen<\/h2>\n\n\n\n<h3 class=\"wp-block-heading pb-3\">Neben Angeboten einiger gr\u00f6\u00dferer Institutionen finden sich im Berliner Programm auch viele Beitr\u00e4ge von zivilgesellschaftlichen oder freiberuflichen Partner*innen. Das Berliner Programm hat traditionell den Charakter eines grassroot-Festivals, das auf Angeboten eines breiten Spektrums unterschiedlicher Akteur*innen basiert. Das passt zum Charakter der Metropole, die stets auch Labor und Sammelbecken einer Vielzahl von Ideen und Bewegungen war. Teile des <a href=\"\/2025\/berlin-programm\/\" data-type=\"page\" data-id=\"41\">Programms in Berlin<\/a> werden 2025 aus Mitteln des Landesdenkmalamt Berlin ko-finanziert. Der erste Link unter einem Eintrag ruft die Webseite des Partners in einem neuen Tab auf, der zweite Link verzweigt auf den jeweils zentralen Beitrag hier innerhalb der detaillierten und nach Veranstaltungstyp organisierten Programm\u00fcbersichten.<\/h3>\n\n\n\n<div class=\"wp-block-columns is-layout-flex wp-container-core-columns-is-layout-1 wp-block-columns-is-layout-flex\">\n<div class=\"wp-block-column pb-3 is-layout-flow wp-block-column-is-layout-flow\">\n<hr class=\"wp-block-separator has-alpha-channel-opacity\"\/>\n\n\n\n<h1 class=\"wp-block-heading pb-3\">Kuration + <br>Koordination<\/h1>\n\n\n\n<p class=\"pb-2\"><strong>buschfeld.com &#8211; <\/strong><br><strong>graphic and interface design<\/strong><br>Parchimer Allee 81 B, 12359 Berlin<br>Tel.: +49 (0)30-25922963<br><a href=\"http:\/\/www.buschfeld.com\" target=\"_blank\" rel=\"noreferrer noopener\">buschfeld.com<\/a><br><a href=\"https:\/\/triennale-der-moderne.de\/2025\/100-jahre-hufeisensiedlung\/\">Programm-Beitrag<\/a><br><a href=\"https:\/\/triennale-der-moderne.de\/2025\/ausstellungen\/#Hufeisensiedlung\">Programm-Beitrag<\/a><\/p>\n\n\n\n<p class=\"pb-3\"><strong>zukunftsgeraeusche GbR \/<\/strong><br><strong>BHROX bauhaus reuse<\/strong><br>Postfach 120618, 10596 Berlin<br>Tel. +49 (0)30-314-72202<br><a href=\"https:\/\/zukunftsgeraeusche.de\" target=\"_blank\" rel=\"noreferrer noopener\">zukunftsgeraeusche.de<\/a><br><a href=\"https:\/\/triennale-der-moderne.de\/2025\/ausstellungen\/#BHROX\">Programm-Beitrag<\/a><br><a href=\"https:\/\/triennale-der-moderne.de\/2025\/tagungen\/#BHROX\">Programm-Beitrag<\/a><\/p>\n\n\n\n<hr class=\"wp-block-separator has-alpha-channel-opacity\"\/>\n\n\n\n<h1 class=\"wp-block-heading pb-1\">Weitere St\u00e4ndige <br>Kern- und Programm-<br>Partner*innen in Berlin<\/h1>\n\n\n\n<p class=\"pb-3\">Beirat des Berliner Programms<\/p>\n\n\n\n<p class=\"pb-2\"><strong>Architektenkammer Berlin<\/strong><br>Alte Jakobstra\u00dfe 149, 10969 Berlin<br>Tel.:&nbsp;+49 (0)30-29 33 07-19<br><a href=\"http:\/\/www.ak-berlin.de\/\">ak-berlin.de<\/a><br><a href=\"https:\/\/triennale-der-moderne.de\/2025\/ausstellungen\/#Architektenkammer\">Programm-Beitrag<\/a><\/p>\n\n\n\n<p class=\"pb-2\"><strong>Bauhaus-Archiv \/ Museum f\u00fcr Gestaltung<\/strong><br>Klingelh\u00f6ferstra\u00dfe 14, 10785 Berlin<br>Tel.: +49 (0)30 254002-40<br><a href=\"http:\/\/www.bauhaus.de\/\" target=\"_blank\" rel=\"noreferrer noopener\">bauhaus.de<\/a><br><a href=\"https:\/\/triennale-der-moderne.de\/2025\/ausstellungen\/#Bauhaus-Archiv\">Programm-Beitrag<\/a><\/p>\n\n\n\n<p class=\"pb-2\"><strong>Landesdenkmalamt Berlin<\/strong><br>Altes Stadthaus, Klosterstr. 47, 10179 Berlin<br>Tel.: +49 (0)30-90259-3670<br><a href=\"https:\/\/www.berlin.de\/landesdenkmalamt\/\" target=\"_blank\" rel=\"noreferrer noopener\">berlin.de\/landesdenkmalamt\/<\/a><br><a href=\"https:\/\/triennale-der-moderne.de\/2025\/ausstellungen\/#Architektenkammer\">Programm-Beitrag<\/a><br><a href=\"https:\/\/triennale-der-moderne.de\/2025\/ausstellungen\/#Ost-West-Ost\">Programm-Beitrag<\/a><\/p>\n\n\n\n<p class=\"pb-2\"><strong>Staatliche Museen zu Berlin \u2013 Kunstbibliothek<\/strong><br>Matth\u00e4ikirchplatz, 10785 Berlin<br>Tel.: +49 (0)30 266424242<br><a href=\"http:\/\/www.smb.museum\/smb\/sammlungen\/details.php?objID=6&amp;n=5\" target=\"_blank\" rel=\"noreferrer noopener\">smb.museum<\/a><br><a href=\"https:\/\/triennale-der-moderne.de\/2025\/ausstellungen\/#Kunstbibliothek\">Programm-Beitrag<\/a><\/p>\n\n\n\n<p class=\"pb-3\"><strong>visit Berlin &#8211; Tourismus &amp; Kongress GmbH<\/strong><br>Am Karlsbad 11, 10785 Berlin<br>Tel.: +49 (0)30 264748-917<br><a href=\"http:\/\/www.visitberlin.de\" target=\"_blank\" rel=\"noreferrer noopener\">visitberlin.de<\/a><\/p>\n<\/div>\n\n\n\n<div class=\"wp-block-column is-layout-flow wp-block-column-is-layout-flow\">\n<hr class=\"wp-block-separator has-alpha-channel-opacity\"\/>\n\n\n\n<h1 class=\"wp-block-heading pb-4\">\u00dcbersicht weiterer<br>Programm-Partner*innen<\/h1>\n\n\n\n<p class=\"pb-2\"><strong>Akademie der K\u00fcnste<\/strong><br>Schaudepot am Pariser Platz,<br>10117 Berlin<br><a href=\"https:\/\/www.adk.de\/de\/programm\/index.htm?we_objectID=67213\">adk.de\/de\/programm\/<\/a><br><a href=\"https:\/\/triennale-der-moderne.de\/2025\/touren\/#AdK\">Programm-Beitrag<\/a><\/p>\n\n\n\n<p class=\"pb-2\"><strong>Bundesschule + <strong>Besucherzentrum <\/strong><br><strong>Welterbe<\/strong> <strong>Bauhaus Bernau<\/strong><\/strong> <br>Hanns-Wittwer-Str. 1, 16321 Bernau <br>Tel.: +49 (0)3338-7067879<br><a href=\"http:\/\/www.welterbe-bernau.de\" data-type=\"URL\" data-id=\"www.welterbe-bernau.de\" target=\"_blank\" rel=\"noreferrer noopener\">welterbe-bernau.de<\/a><br><a href=\"https:\/\/triennale-der-moderne.de\/2025\/ausstellungen\/#Bernau\">Programm-Beitrag<\/a><\/p>\n\n\n\n<p class=\"pb-2\"><strong>Bezirksamt Steglitz-Zehlendorf<\/strong><br>14160 Berlin<br><a href=\"https:\/\/www.berlin.de\/ba-steglitz-zehlendorf\/\" target=\"_blank\" rel=\"noreferrer noopener\">berlin.de\/ba-steglitz-zehlendorf\/<\/a><br><a href=\"https:\/\/triennale-der-moderne.de\/2025\/ausstellungen\/#Hygieneinstitut\">Programm-Beitrag<\/a><\/p>\n\n\n\n<p class=\"pb-2\"><strong>BHROX bauhaus reuse<\/strong> *<br><strong>zugleich Festivalzentrale I:<\/strong><br>Ernst-Reuter-Platz (Mittelinsel)<br>Postfach 120618, 10596 Berlin<br>Tel. +49 (0)30\/314-72202<br><a href=\"http:\/\/www.bauhaus-reuse.de\" target=\"_blank\" rel=\"noreferrer noopener\">bauhaus-reuse.de<\/a><br><a href=\"https:\/\/triennale-der-moderne.de\/2025\/ausstellungen\/#BHROX\">Programm-Beitrag<\/a><br><a href=\"https:\/\/triennale-der-moderne.de\/2025\/tagungen\/#BHROX\">Programm-Beitrag<\/a><\/p>\n\n\n\n<p class=\"pb-2\"><strong>Buchstabenmuseum<\/strong><br>Stadtbahnbogen 424, 10557 Berlin<br><a href=\"http:\/\/buchstabenmuseum.de\" target=\"_blank\" rel=\"noreferrer noopener\">buchstabenmuseum.de<\/a><br><a href=\"https:\/\/triennale-der-moderne.de\/2025\/ausstellungen\/#Buchstabenmuseum\">Programm-Beitrag<\/a><\/p>\n\n\n\n<p class=\"pb-2\"><strong>cpb culturepartner berlin GmbH<\/strong><br>Bessemerstra\u00dfe 22, 12103 Berlin<br>Tel.: +49 (0)30-68915008<br><a href=\"http:\/\/www.cpberlin.de\" target=\"_blank\" rel=\"noreferrer noopener\">cpberlin.de<\/a><br><a href=\"https:\/\/triennale-der-moderne.de\/2025\/touren\/#artberlin\">Programm-Beitrag<\/a><\/p>\n\n\n\n<p class=\"pb-2\"><strong>Deutscher Werkbund e.V.<\/strong><br>Goethestra\u00dfe 13, 10623 Berlin<br><a href=\"http:\/\/werkbund-berlin.de\" data-type=\"link\" data-id=\"werkbund-berlin.de\" target=\"_blank\" rel=\"noreferrer noopener\">werkbund-berlin.de<\/a><br><a href=\"https:\/\/triennale-der-moderne.de\/2025\/tagungen\/#DWB\">Programm-Beitrag<\/a><\/p>\n\n\n\n<p class=\"pb-2\"><strong>Freunde und F\u00f6rderer der<\/strong><br><strong>Hufeisensiedlung Berlin-Britz e.V.<\/strong> *<br><strong>c\/o Festivalzentrale II:<\/strong><br>Infostation Hufeisensiedlung,<br>Fritz-Reuter-Allee 44, 12359 Berlin<br><a href=\"http:\/\/www.hufeisensiedlung.info\/infostation.html\" target=\"_blank\" rel=\"noreferrer noopener\">hufeisensiedlung.info\/infostation\/<\/a><br><a href=\"https:\/\/triennale-der-moderne.de\/2025\/100-jahre-hufeisensiedlung\/\">Programm-Beitrag<\/a><\/p>\n\n\n\n<p class=\"pb-2\"><strong>Georg Kolbe Museum<\/strong><br>Sensburger Allee 25, 14055 Berlin<br><a href=\"http:\/\/www.georg-kolbe-museum.de\" target=\"_blank\" rel=\"noreferrer noopener\">georg-kolbe-museum.de<\/a><br><a href=\"https:\/\/triennale-der-moderne.de\/2025\/touren\/#Westend\">Programm-Beitrag<\/a><\/p>\n\n\n\n<p class=\"pb-2\"><strong>Gesellschaft zur Erforschung<\/strong> <br><strong>des Lebens und Wirkens deutschsprachiger<\/strong><br><strong>j\u00fcdischer Architekten e.V.<\/strong> *<br>c\/o G\u00fcnter Schlusche,<br>Bassermannweg 7, 12207 Berlin<br><a href=\"http:\/\/www.juedische-architekten.de\/\" target=\"_blank\" rel=\"noreferrer noopener\">juedische-architekten.de<\/a><br><a href=\"https:\/\/triennale-der-moderne.de\/2025\/ausstellungen\/#GJA\">Programm-Beitrag<\/a><\/p>\n\n\n\n<p><\/p>\n\n\n\n<p><\/p>\n\n\n\n<p><\/p>\n\n\n\n<p><\/p>\n<\/div>\n\n\n\n<div class=\"wp-block-column is-layout-flow wp-block-column-is-layout-flow\">\n<hr class=\"wp-block-separator has-alpha-channel-opacity\"\/>\n\n\n\n<h1 class=\"wp-block-heading pb-4\">Berlin 2025 <br>(Fortsetzung)<\/h1>\n\n\n\n<p class=\"pb-2\"><strong>interbau e.V. (Hansaviertel)<\/strong> *<br>c\/o: Henrik Adler<br>Klopstockstra\u00dfe 30, 10557 Berlin<br><a href=\"https:\/\/interbau-hansaviertel.berlin\" target=\"_blank\" rel=\"noreferrer noopener\">interbau-hansaviertel.berlin<\/a><br><a href=\"https:\/\/triennale-der-moderne.de\/2025\/tagungen\/#interbau\">Programm-Beitrag<\/a><\/p>\n\n\n\n<p class=\"pb-2\"><strong>LiMa Wohnhof Nachbarschaftsinitiative<\/strong> *<br>c\/o: Gabriella Sarges<br>Markgrafenstra\u00dfe 7, 10969 Berlin<br><a href=\"https:\/\/lima-wohnhof-berlin-initiative.de\" target=\"_blank\" rel=\"noreferrer noopener\">lima-wohnhof-berlin-initiative.de<\/a><br><a href=\"https:\/\/triennale-der-moderne.de\/2025\/ausstellungen\/#LiMa\">Programm-Beitrag<\/a><\/p>\n\n\n\n<p class=\"pb-2\"><strong>Stalinbauten<\/strong> *<br>c\/o Achim Bahr<br>Frankfurter Allee 5, 10247 Berlin<br>Postfach 670211, 10207 Berlin<br><a href=\"https:\/\/www.stalinbauten.de\/\" target=\"_blank\" rel=\"noreferrer noopener\">stalinbauten.de<\/a><br><a href=\"https:\/\/triennale-der-moderne.de\/2025\/tagungen\/#stalinbauten\">Programm-Beitrag<\/a><\/p>\n\n\n\n<p class=\"pb-2\"><strong>TAUTES HEIM \u2013 Mietbares Museum <br>im UNESCO-Welterbe Hufeisensiedlung<\/strong><br>c\/o Katrin Lesser &amp; Ben Buschfeld, <br>Parchimer Allee 81b, 12359 Berlin<br><a href=\"\/\/www.tautes-heim.de\" target=\"_blank\" rel=\"noreferrer noopener\">tautes-heim.de<\/a><br><a href=\"https:\/\/triennale-der-moderne.de\/2025\/ausstellungen\/#Hufeisensiedlung\">Programm-Beitrag<\/a><\/p>\n\n\n\n<p class=\"pb-2\"><strong>Ticket B &#8211; Stadtf\u00fchrungen f\u00fcr Architekten<\/strong> *<br>Frankfurter Tor 1, 10243 Berlin<br>Betrieb der Infostation Siemensstadt: <br>Goebelstra\u00dfe 2, 13627 Berlin<br>Tel.: +49 (0)30 4202696-21<br><a href=\"http:\/\/www.ticket-b.de\" target=\"_blank\" rel=\"noreferrer noopener\">ticket-b.de<\/a><br><a href=\"https:\/\/triennale-der-moderne.de\/2025\/touren\/#ticket-b\">Programm-Beitrag<\/a><\/p>\n\n\n\n<p class=\"pb-2\"><strong>treppe b \u2013 Galerie im Le Corbusierhaus<\/strong><br>Flatowallee 16, Raum 1061, 14055 Berlin<br><a href=\"http:\/\/www.treppe-b.de\" target=\"_blank\" rel=\"noreferrer noopener\">treppe-b.de<\/a><br><a href=\"https:\/\/triennale-der-moderne.de\/2025\/touren\/#Westend\">Programm-Beitrag<\/a><\/p>\n\n\n\n<p class=\"pb-2\"><strong>Vertretung des Landes Sachsen-Anhalt <\/strong><br><strong>in Berlin beim Bund<\/strong><br>Luisenstra\u00dfe 18, 10117 Berlin<br><a href=\"https:\/\/lv.sachsen-anhalt.de\/service\/anfahrt\">lv.sachsen-anhalt.de<\/a><br><a href=\"https:\/\/triennale-der-moderne.de\/2025\/auftakt\/\">Programm-Beitrag<\/a><\/p>\n\n\n\n<p class=\"pb-4\"><strong>Werkbundarchiv \u2013 Museum der Dinge<\/strong><br>Leipziger Str. 54, 10117 Berlin<br><a href=\"https:\/\/museumderdinge.de\/\" target=\"_blank\" rel=\"noreferrer noopener\">museumderdinge.de<\/a><br><a href=\"https:\/\/triennale-der-moderne.de\/2025\/tagungen\/#Werkbundarchiv\">Programm-Beitrag<\/a><br><\/p>\n\n\n\n<hr class=\"wp-block-separator has-alpha-channel-opacity\"\/>\n\n\n\n<h1 class=\"wp-block-heading pb-2\">F\u00f6rderung<\/h1>\n\n\n\n<p class=\"pb-2\">(*) Teile des Berliner Programms werden <br>ko-finanziert und gef\u00f6rdert durch:<\/p>\n\n\n\n<figure class=\"wp-block-image size-large is-resized pb-2\"><img loading=\"lazy\" decoding=\"async\" width=\"1024\" height=\"513\" src=\"\/2025\/wp-content\/uploads\/sites\/11\/2025\/08\/B_LDA_Logo_V_print_4C-1024x513.png\" alt=\"\" class=\"wp-image-8515\" style=\"width:200px\" srcset=\"\/2025\/wp-content\/uploads\/sites\/11\/2025\/08\/B_LDA_Logo_V_print_4C-1024x513.png 1024w, \/2025\/wp-content\/uploads\/sites\/11\/2025\/08\/B_LDA_Logo_V_print_4C-300x150.png 300w, \/2025\/wp-content\/uploads\/sites\/11\/2025\/08\/B_LDA_Logo_V_print_4C-768x385.png 768w, \/2025\/wp-content\/uploads\/sites\/11\/2025\/08\/B_LDA_Logo_V_print_4C-1536x770.png 1536w, \/2025\/wp-content\/uploads\/sites\/11\/2025\/08\/B_LDA_Logo_V_print_4C-2048x1027.png 2048w\" sizes=\"(max-width: 1024px) 100vw, 1024px\" \/><\/figure>\n\n\n\n<p><strong><br><\/strong><\/p>\n<\/div>\n<\/div>\n","protected":false},"excerpt":{"rendered":"<p>Liste der St\u00e4ndigen Partner*innen der Triennale der Moderne aus Weimar, Dessau und Berlin<\/p>\n","protected":false},"author":1,"featured_media":0,"parent":0,"menu_order":0,"comment_status":"closed","ping_status":"closed","template":"","meta":{"_acf_changed":false,"_seopress_robots_primary_cat":"","_seopress_titles_title":"","_seopress_titles_desc":"","_seopress_robots_index":"","footnotes":""},"class_list":["post-44","page","type-page","status-publish","hentry"],"acf":[],"_links":{"self":[{"href":"https:\/\/www.triennale-der-moderne.de\/2025\/wp-json\/wp\/v2\/pages\/44"}],"collection":[{"href":"https:\/\/www.triennale-der-moderne.de\/2025\/wp-json\/wp\/v2\/pages"}],"about":[{"href":"https:\/\/www.triennale-der-moderne.de\/2025\/wp-json\/wp\/v2\/types\/page"}],"author":[{"embeddable":true,"href":"https:\/\/www.triennale-der-moderne.de\/2025\/wp-json\/wp\/v2\/users\/1"}],"replies":[{"embeddable":true,"href":"https:\/\/www.triennale-der-moderne.de\/2025\/wp-json\/wp\/v2\/comments?post=44"}],"version-history":[{"count":57,"href":"https:\/\/www.triennale-der-moderne.de\/2025\/wp-json\/wp\/v2\/pages\/44\/revisions"}],"predecessor-version":[{"id":9713,"href":"https:\/\/www.triennale-der-moderne.de\/2025\/wp-json\/wp\/v2\/pages\/44\/revisions\/9713"}],"wp:attachment":[{"href":"https:\/\/www.triennale-der-moderne.de\/2025\/wp-json\/wp\/v2\/media?parent=44"}],"curies":[{"name":"wp","href":"https:\/\/api.w.org\/{rel}","templated":true}]}}